{"id":2018,"date":"2022-02-24T14:11:37","date_gmt":"2022-02-24T14:11:37","guid":{"rendered":"https:\/\/xrwomenproject.eu\/about\/"},"modified":"2023-12-18T12:12:07","modified_gmt":"2023-12-18T12:12:07","slug":"about","status":"publish","type":"page","link":"https:\/\/xrwomenproject.eu\/cs\/about\/","title":{"rendered":"O n\u00e1s"},"content":{"rendered":"<ul>\n<li>\n<h3>\n<div class=\"uk-text-center\"><img decoding=\"async\"  src=\"https:\/\/xrwomenproject.eu\/wp-content\/uploads\/2023\/03\/overview.svg\"\/><\/p>\n<h2 class=\"uk-h2\">Stru\u010dn\u011b <br \/>o projektu <\/h2>\n<\/div>\n<\/h3>\n<div>\n<p>Projekt je pln\u011b v souladu s prioritou inkluze, nebo\u0165 jeho c\u00edlem je podpo\u0159it soci\u00e1ln\u00ed za\u010dlen\u011bn\u00ed a aktivn\u00ed \u00fa\u010dast \u017een, kter\u00e9 byly ozna\u010deny za c\u00edlov\u00e9 skupiny v oblasti vzd\u011bl\u00e1v\u00e1n\u00ed a odborn\u00e9 p\u0159\u00edpravy. Nejsiln\u011bj\u0161\u00edm n\u00e1strojem soci\u00e1ln\u00edho za\u010dle\u0148ov\u00e1n\u00ed ve spole\u010dnosti a komunit\u011b je jazyk. Lep\u0161\u00ed pochopen\u00ed toho, jak se u\u010d\u00edme a jak prost\u0159ednictv\u00edm jazyka vytv\u00e1\u0159\u00edme sv\u00e9 emoce, je p\u0159i u\u010den\u00ed se druh\u00e9mu jazyku velmi d\u016fle\u017eit\u00e9.<\/p>\n<p><span>Technologick\u00e9 n\u00e1stroje pou\u017e\u00edvan\u00e9 v projektu XRwomen (nap\u0159. Oculus) nab\u00edzej\u00ed mo\u017enost simulovat komunika\u010dn\u00ed situace a zvl\u00e1dat emoce prost\u0159ednictv\u00edm jazyka. C\u00edlem vyu\u017eit\u00ed technologick\u00fdch n\u00e1stroj\u016f XR je nab\u00eddnout z\u00e1\u017eitky ze zcela virtu\u00e1ln\u00edho sv\u011bta (VR), z\u00e1\u017eitky bl\u00edzk\u00e9 realit\u011b (AR) a sm\u00ed\u0161en\u00e9 z\u00e1\u017eitky VR a reality (MR). Tyto n\u00e1stroje umo\u017e\u0148uj\u00ed pono\u0159it u\u017eivatele do konkr\u00e9tn\u00edho komunika\u010dn\u00edho kontextu, v n\u011bm\u017e je mu nab\u00eddnuta mo\u017enost komunikovat, opravovat chyby a u\u010dit se prost\u0159ednictv\u00edm cel\u00e9ho z\u00e1\u017eitku.<\/span><\/p>\n<\/div>\n<\/li>\n<li>\n<h3>\n<div class=\"uk-text-center\"><img decoding=\"async\" src=\"https:\/\/xrwomenproject.eu\/wp-content\/uploads\/2023\/03\/specific-obj.svg\"\/><\/p>\n<h2 class=\"uk-h2\">Specifick\u00e9 <br \/>c\u00edle<\/h2>\n<\/div>\n<\/h3>\n<div>\n<p>T\u0159i specifick\u00e9 c\u00edle p\u0159\u00edmo souvisej\u00ed s prioritami projektu a p\u0159isp\u00edvaj\u00ed k oblastem za\u010dle\u0148ov\u00e1n\u00ed, podpory rovnosti a nediskriminace, prevence rasismu a diskriminace, p\u0159ij\u00edm\u00e1n\u00ed a integrace uprchl\u00edk\u016f a migrant\u016f.<\/p>\n<p><span>Specifick\u00e9 c\u00edle projektu jsou n\u00e1sleduj\u00edc\u00ed:<\/span><\/p>\n<ul>\n<li><span>Podpora jazykov\u00e9ho vzd\u011bl\u00e1v\u00e1n\u00ed pro komunikaci prost\u0159ednictv\u00edm n\u00e1stroj\u016f XR pro inkluzi, ob\u010danskou anga\u017eovanost a participaci a podpora vzd\u011blavatel\u016f dosp\u011bl\u00fdch\/u\u010ditel\u016f jazyk\u016f p\u0159i zlep\u0161ov\u00e1n\u00ed jejich v\u00fdukov\u00fdch postup\u016f.<\/span><\/li>\n<li><span>Vytvo\u0159it mo\u017enosti zvy\u0161ov\u00e1n\u00ed kvalifikace a zlep\u0161it dostupnost vzd\u011bl\u00e1v\u00e1n\u00ed pro uprchlice a \u017eeny s omezen\u00fdmi p\u0159\u00edle\u017eitostmi.<\/span><\/li>\n<li><span>Pos\u00edlit postaven\u00ed uprchlic a \u017een s omezen\u00fdmi p\u0159\u00edle\u017eitostmi prost\u0159ednictv\u00edm vzd\u011bl\u00e1v\u00e1n\u00ed a vyu\u017e\u00edv\u00e1n\u00ed inovativn\u00edch technologick\u00fdch n\u00e1stroj\u016f.<\/span><\/li>\n<\/ul>\n<\/div>\n<\/li>\n<li>\n<h3>\n<div class=\"uk-text-center\"><img decoding=\"async\" uk-svg=\"stroke-animation: true\" src=\"https:\/\/xrwomenproject.eu\/wp-content\/uploads\/2023\/03\/output-svg.svg\"\/><\/p>\n<h2 class=\"uk-h2\">V\u00fdstupy <\/h2>\n<\/div>\n<\/h3>\n<div>\n<p><b>Pracovn\u00ed bal\u00ed\u010dek 1 &#8211; \u0158\u00edzen\u00ed projektu:<\/b><span> Pracovn\u00ed bal\u00ed\u010dek 1 bude zahrnovat celkov\u00e9 \u0159\u00edzen\u00ed a koordinaci projektu v\u010detn\u011b finan\u010dn\u00edho \u0159\u00edzen\u00ed.<\/span><\/p>\n<p><b>Pracovn\u00ed bal\u00ed\u010dek 2 &#8211; Soubor n\u00e1stroj\u016f pro integraci XR do jazykov\u00e9ho vzd\u011bl\u00e1v\u00e1n\u00ed: <\/b><span>Tento pracovn\u00ed bal\u00ed\u010dek se bude vztahovat k prvn\u00edmu obecn\u00e9mu c\u00edli, kter\u00fdm je podpora jazykov\u00e9ho vzd\u011bl\u00e1v\u00e1n\u00ed za \u00fa\u010delem pos\u00edlen\u00ed postaven\u00ed uprchl\u00edk\u016f a \u017een s omezen\u00fdmi p\u0159\u00edle\u017eitostmi prost\u0159ednictv\u00edm n\u00e1stroj\u016f, aplikac\u00ed a metodik XR.<\/span><\/p>\n<p><b>Pracovn\u00ed bal\u00ed\u010dek 3 &#8211; \u0160kol\u00edc\u00ed materi\u00e1ly a online vzd\u011bl\u00e1vac\u00ed prost\u0159ed\u00ed: <\/b><span>C\u00edlem tohoto pracovn\u00edho bal\u00ed\u010dku je navrhnout a vyvinout inovativn\u00ed kvalitn\u00ed pedagogick\u00e9 materi\u00e1ly a zdroje prost\u0159ednictv\u00edm modul\u016f na podporu jazykov\u00e9ho vzd\u011bl\u00e1v\u00e1n\u00ed v konkr\u00e9tn\u00edch komunika\u010dn\u00edch situac\u00edch.<\/span><\/p>\n<p><b>Pracovn\u00ed bal\u00ed\u010dek 4 &#8211; \u0160\u00ed\u0159en\u00ed informac\u00ed a udr\u017eitelnost:<\/b><span> Tento pracovn\u00ed bal\u00ed\u010dek se t\u00fdk\u00e1 v\u00fdvoje konkr\u00e9tn\u00edch v\u00fdsledk\u016f a \u010dinnost\u00ed, jejich\u017e c\u00edlem je sd\u00edlen\u00ed v\u00fdstup\u016f projektu za \u00fa\u010delem zv\u00fd\u0161en\u00ed \u00fa\u010dasti a trval\u00e9ho vyu\u017e\u00edv\u00e1n\u00ed.<\/span><\/p>\n<\/div>\n<\/li>\n<li>\n<h3>\n<div class=\"uk-text-center\"><img decoding=\"async\" src=\"https:\/\/xrwomenproject.eu\/wp-content\/uploads\/2023\/03\/methodology.svg\"\/><\/p>\n<h2 class=\"uk-h2\">Metodika <\/h2>\n<\/div>\n<\/h3>\n<div>\n<p>V ka\u017ed\u00e9 partnersk\u00e9 zemi bude proveden podrobn\u00fd v\u00fdzkum od stolu, jeho\u017e c\u00edlem bude spole\u010dn\u011b navrhnout metodiku XRWomen. V\u00fdzkum od stolu bude kl\u00e1st d\u016fraz na aktu\u00e1ln\u00ed stav v ka\u017ed\u00e9 zemi, pokud jde o vyu\u017eit\u00ed XR v jazykov\u00e9m vzd\u011bl\u00e1v\u00e1n\u00ed, pou\u017e\u00edvan\u00e9 v\u00fdukov\u00e9 metody a p\u0159\u00edstupy. D\u00e1le budou provedeny techniky ter\u00e9nn\u00edho v\u00fdzkumu.\u00a0<\/p>\n<p><span>B\u011bhem projektu bude tak\u00e9 dokon\u010dena sb\u00edrka osv\u011bd\u010den\u00fdch postup\u016f, n\u00e1stroj\u016f a aplikac\u00ed XR z partnersk\u00fdch zem\u00ed, kter\u00e9 se budou zam\u011b\u0159ovat na efektivn\u00ed vyu\u017eit\u00ed XR v re\u00e1ln\u00e9m prost\u0159ed\u00ed jazykov\u00e9ho vzd\u011bl\u00e1v\u00e1n\u00ed.<\/span><\/p>\n<p><span>D\u00e1le budou vypracov\u00e1ny pl\u00e1ny v\u00fduky a bude poskytnut seznam n\u00e1stroj\u016f a aplikac\u00ed XR. Seznam bude obsahovat d\u016fle\u017eit\u00e9 informace o ka\u017ed\u00e9m n\u00e1stroji\/aplikaci, jak by je mohli u\u017eivatel\u00e9 za\u010dlenit do sv\u00e9 v\u00fduky.<\/span><\/p>\n<p><span>D\u00e1le bude vytvo\u0159en soubor n\u00e1stroj\u016f, kter\u00fd bude obsahovat n\u00e1sleduj\u00edc\u00ed \u010d\u00e1sti: 1) Metodika a r\u00e1mec XR, 2) V\u00fdsledky v\u00fdzkumu od stolu a ter\u00e9nn\u00edho v\u00fdzkumu v ka\u017ed\u00e9 partnersk\u00e9 zemi, 3) Osv\u011bd\u010den\u00e9 postupy, 4) Pl\u00e1ny v\u00fduky, 5) N\u00e1stroje a aplikace XR, 6) Konkr\u00e9tn\u00ed pokyny pro u\u010ditele jazyk\u016f\/v\u00fdzkumn\u00edky\/\u0161kolitele, 7) Z\u00e1v\u011bry a doporu\u010den\u00ed.<\/span><\/p>\n<\/div>\n<\/li>\n<\/ul>\n<p><!--more--><br \/>\n<!-- {\"type\":\"layout\",\"children\":[{\"type\":\"section\",\"props\":{\"image_position\":\"center-center\",\"padding_remove_top\":true,\"style\":\"default\",\"title_breakpoint\":\"xl\",\"title_position\":\"top-left\",\"title_rotation\":\"left\",\"vertical_align\":\"middle\",\"width\":\"default\"},\"children\":[{\"type\":\"row\",\"children\":[{\"type\":\"column\",\"props\":{\"image_position\":\"center-center\",\"media_overlay_gradient\":\"\",\"position_sticky_breakpoint\":\"m\"},\"children\":[{\"type\":\"switcher\",\"props\":{\"class\":\"about-switcher\",\"content_column_breakpoint\":\"m\",\"image_align\":\"top\",\"image_grid_breakpoint\":\"m\",\"image_grid_width\":\"1-2\",\"image_svg_color\":\"emphasis\",\"link_style\":\"default\",\"link_text\":\"Read more\",\"margin\":\"default\",\"meta_align\":\"below-title\",\"meta_element\":\"div\",\"meta_style\":\"text-meta\",\"nav\":\"tab\",\"nav_align\":\"left\",\"nav_grid_breakpoint\":\"m\",\"nav_grid_width\":\"auto\",\"nav_position\":\"top\",\"show_content\":true,\"show_image\":true,\"show_label\":true,\"show_link\":true,\"show_meta\":true,\"show_thumbnail\":true,\"show_title\":false,\"switcher_animation\":\"fade\",\"switcher_height\":true,\"thumbnav_height\":\"75\",\"thumbnav_svg_color\":\"emphasis\",\"thumbnav_width\":\"100\",\"title_align\":\"top\",\"title_element\":\"h3\",\"title_grid_breakpoint\":\"m\",\"title_grid_width\":\"1-2\"},\"children\":[{\"type\":\"switcher_item\",\"props\":{\"content\":\"\n\n<p>Projekt je pln\\u011b v souladu s prioritou inkluze, nebo\\u0165 jeho c\\u00edlem je podpo\\u0159it soci\\u00e1ln\\u00ed za\\u010dlen\\u011bn\\u00ed a aktivn\\u00ed \\u00fa\\u010dast \\u017een, kter\\u00e9 byly ozna\\u010deny za c\\u00edlov\\u00e9 skupiny v oblasti vzd\\u011bl\\u00e1v\\u00e1n\\u00ed a odborn\\u00e9 p\\u0159\\u00edpravy. Nejsiln\\u011bj\\u0161\\u00edm n\\u00e1strojem soci\\u00e1ln\\u00edho za\\u010dle\\u0148ov\\u00e1n\\u00ed ve spole\\u010dnosti a komunit\\u011b je jazyk. Lep\\u0161\\u00ed pochopen\\u00ed toho, jak se u\\u010d\\u00edme a jak prost\\u0159ednictv\\u00edm jazyka vytv\\u00e1\\u0159\\u00edme sv\\u00e9 emoce, je p\\u0159i u\\u010den\\u00ed se druh\\u00e9mu jazyku velmi d\\u016fle\\u017eit\\u00e9.<\\\/p>\\n\n\n<p><span>Technologick\\u00e9 n\\u00e1stroje pou\\u017e\\u00edvan\\u00e9 v projektu XRwomen (nap\\u0159. Oculus) nab\\u00edzej\\u00ed mo\\u017enost simulovat komunika\\u010dn\\u00ed situace a zvl\\u00e1dat emoce prost\\u0159ednictv\\u00edm jazyka. C\\u00edlem vyu\\u017eit\\u00ed technologick\\u00fdch n\\u00e1stroj\\u016f XR je nab\\u00eddnout z\\u00e1\\u017eitky ze zcela virtu\\u00e1ln\\u00edho sv\\u011bta (VR), z\\u00e1\\u017eitky bl\\u00edzk\\u00e9 realit\\u011b (AR) a sm\\u00ed\\u0161en\\u00e9 z\\u00e1\\u017eitky VR a reality (MR). Tyto n\\u00e1stroje umo\\u017e\\u0148uj\\u00ed pono\\u0159it u\\u017eivatele do konkr\\u00e9tn\\u00edho komunika\\u010dn\\u00edho kontextu, v n\\u011bm\\u017e je mu nab\\u00eddnuta mo\\u017enost komunikovat, opravovat chyby a u\\u010dit se prost\\u0159ednictv\\u00edm cel\\u00e9ho z\\u00e1\\u017eitku.<\\\/span><\\\/p>\",\"title\":\"\n\n<div class=\\\"uk-text-center\\\"><img  src=\\\"https:\\\/\\\/xrwomenproject.eu\\\/wp-content\\\/uploads\\\/2023\\\/03\\\/overview.svg\\\"\\\/>\n\n<h2 class=\\\"uk-h2\\\">Stru\\u010dn\\u011b <br \/>o projektu <\\\/h2><\\\/div>\"}},{\"type\":\"switcher_item\",\"props\":{\"content\":\"\n\n<p>T\\u0159i specifick\\u00e9 c\\u00edle p\\u0159\\u00edmo souvisej\\u00ed s prioritami projektu a p\\u0159isp\\u00edvaj\\u00ed k oblastem za\\u010dle\\u0148ov\\u00e1n\\u00ed, podpory rovnosti a nediskriminace, prevence rasismu a diskriminace, p\\u0159ij\\u00edm\\u00e1n\\u00ed a integrace uprchl\\u00edk\\u016f a migrant\\u016f.<\\\/p>\\n\n\n<p><span>Specifick\\u00e9 c\\u00edle projektu jsou n\\u00e1sleduj\\u00edc\\u00ed:<\\\/span><\\\/p>\\n\n\n<ul>\\n\n\n<li><span>Podpora jazykov\\u00e9ho vzd\\u011bl\\u00e1v\\u00e1n\\u00ed pro komunikaci prost\\u0159ednictv\\u00edm n\\u00e1stroj\\u016f XR pro inkluzi, ob\\u010danskou anga\\u017eovanost a participaci a podpora vzd\\u011blavatel\\u016f dosp\\u011bl\\u00fdch\\\/u\\u010ditel\\u016f jazyk\\u016f p\\u0159i zlep\\u0161ov\\u00e1n\\u00ed jejich v\\u00fdukov\\u00fdch postup\\u016f.<\\\/span><\\\/li>\\n\n\n<li><span>Vytvo\\u0159it mo\\u017enosti zvy\\u0161ov\\u00e1n\\u00ed kvalifikace a zlep\\u0161it dostupnost vzd\\u011bl\\u00e1v\\u00e1n\\u00ed pro uprchlice a \\u017eeny s omezen\\u00fdmi p\\u0159\\u00edle\\u017eitostmi.<\\\/span><\\\/li>\\n\n\n<li><span>Pos\\u00edlit postaven\\u00ed uprchlic a \\u017een s omezen\\u00fdmi p\\u0159\\u00edle\\u017eitostmi prost\\u0159ednictv\\u00edm vzd\\u011bl\\u00e1v\\u00e1n\\u00ed a vyu\\u017e\\u00edv\\u00e1n\\u00ed inovativn\\u00edch technologick\\u00fdch n\\u00e1stroj\\u016f.<\\\/span><\\\/li>\\n<\\\/ul>\",\"title\":\"\n\n<div class=\\\"uk-text-center\\\"><img src=\\\"https:\\\/\\\/xrwomenproject.eu\\\/wp-content\\\/uploads\\\/2023\\\/03\\\/specific-obj.svg\\\"\\\/>\n\n<h2 class=\\\"uk-h2\\\">Specifick\\u00e9 <br \/>c\\u00edle<\\\/h2><\\\/div>\"}},{\"type\":\"switcher_item\",\"props\":{\"content\":\"\n\n<p><b>Pracovn\\u00ed bal\\u00ed\\u010dek 1 - \\u0158\\u00edzen\\u00ed projektu:<\\\/b><span> Pracovn\\u00ed bal\\u00ed\\u010dek 1 bude zahrnovat celkov\\u00e9 \\u0159\\u00edzen\\u00ed a koordinaci projektu v\\u010detn\\u011b finan\\u010dn\\u00edho \\u0159\\u00edzen\\u00ed.<\\\/span><\\\/p>\\n\n\n<p><b>Pracovn\\u00ed bal\\u00ed\\u010dek 2 - Soubor n\\u00e1stroj\\u016f pro integraci XR do jazykov\\u00e9ho vzd\\u011bl\\u00e1v\\u00e1n\\u00ed: <\\\/b><span>Tento pracovn\\u00ed bal\\u00ed\\u010dek se bude vztahovat k prvn\\u00edmu obecn\\u00e9mu c\\u00edli, kter\\u00fdm je podpora jazykov\\u00e9ho vzd\\u011bl\\u00e1v\\u00e1n\\u00ed za \\u00fa\\u010delem pos\\u00edlen\\u00ed postaven\\u00ed uprchl\\u00edk\\u016f a \\u017een s omezen\\u00fdmi p\\u0159\\u00edle\\u017eitostmi prost\\u0159ednictv\\u00edm n\\u00e1stroj\\u016f, aplikac\\u00ed a metodik XR.<\\\/span><\\\/p>\\n\n\n<p><b>Pracovn\\u00ed bal\\u00ed\\u010dek 3 - \\u0160kol\\u00edc\\u00ed materi\\u00e1ly a online vzd\\u011bl\\u00e1vac\\u00ed prost\\u0159ed\\u00ed: <\\\/b><span>C\\u00edlem tohoto pracovn\\u00edho bal\\u00ed\\u010dku je navrhnout a vyvinout inovativn\\u00ed kvalitn\\u00ed pedagogick\\u00e9 materi\\u00e1ly a zdroje prost\\u0159ednictv\\u00edm modul\\u016f na podporu jazykov\\u00e9ho vzd\\u011bl\\u00e1v\\u00e1n\\u00ed v konkr\\u00e9tn\\u00edch komunika\\u010dn\\u00edch situac\\u00edch.<\\\/span><\\\/p>\\n\n\n<p><b>Pracovn\\u00ed bal\\u00ed\\u010dek 4 - \\u0160\\u00ed\\u0159en\\u00ed informac\\u00ed a udr\\u017eitelnost:<\\\/b><span> Tento pracovn\\u00ed bal\\u00ed\\u010dek se t\\u00fdk\\u00e1 v\\u00fdvoje konkr\\u00e9tn\\u00edch v\\u00fdsledk\\u016f a \\u010dinnost\\u00ed, jejich\\u017e c\\u00edlem je sd\\u00edlen\\u00ed v\\u00fdstup\\u016f projektu za \\u00fa\\u010delem zv\\u00fd\\u0161en\\u00ed \\u00fa\\u010dasti a trval\\u00e9ho vyu\\u017e\\u00edv\\u00e1n\\u00ed.<\\\/span><\\\/p>\",\"title\":\"\n\n<div class=\\\"uk-text-center\\\"><img uk-svg=\\\"stroke-animation: true\\\" src=\\\"https:\\\/\\\/xrwomenproject.eu\\\/wp-content\\\/uploads\\\/2023\\\/03\\\/output-svg.svg\\\"\\\/>\n\n<h2 class=\\\"uk-h2\\\">V\\u00fdstupy <\\\/h2><\\\/div>\"}},{\"type\":\"switcher_item\",\"props\":{\"content\":\"\n\n<p>V ka\\u017ed\\u00e9 partnersk\\u00e9 zemi bude proveden podrobn\\u00fd v\\u00fdzkum od stolu, jeho\\u017e c\\u00edlem bude spole\\u010dn\\u011b navrhnout metodiku XRWomen. V\\u00fdzkum od stolu bude kl\\u00e1st d\\u016fraz na aktu\\u00e1ln\\u00ed stav v ka\\u017ed\\u00e9 zemi, pokud jde o vyu\\u017eit\\u00ed XR v jazykov\\u00e9m vzd\\u011bl\\u00e1v\\u00e1n\\u00ed, pou\\u017e\\u00edvan\\u00e9 v\\u00fdukov\\u00e9 metody a p\\u0159\\u00edstupy. D\\u00e1le budou provedeny techniky ter\\u00e9nn\\u00edho v\\u00fdzkumu.\\u00a0<\\\/p>\\n\n\n<p><span>B\\u011bhem projektu bude tak\\u00e9 dokon\\u010dena sb\\u00edrka osv\\u011bd\\u010den\\u00fdch postup\\u016f, n\\u00e1stroj\\u016f a aplikac\\u00ed XR z partnersk\\u00fdch zem\\u00ed, kter\\u00e9 se budou zam\\u011b\\u0159ovat na efektivn\\u00ed vyu\\u017eit\\u00ed XR v re\\u00e1ln\\u00e9m prost\\u0159ed\\u00ed jazykov\\u00e9ho vzd\\u011bl\\u00e1v\\u00e1n\\u00ed.<\\\/span><\\\/p>\\n\n\n<p><span>D\\u00e1le budou vypracov\\u00e1ny pl\\u00e1ny v\\u00fduky a bude poskytnut seznam n\\u00e1stroj\\u016f a aplikac\\u00ed XR. Seznam bude obsahovat d\\u016fle\\u017eit\\u00e9 informace o ka\\u017ed\\u00e9m n\\u00e1stroji\\\/aplikaci, jak by je mohli u\\u017eivatel\\u00e9 za\\u010dlenit do sv\\u00e9 v\\u00fduky.<\\\/span><\\\/p>\\n\n\n<p><span>D\\u00e1le bude vytvo\\u0159en soubor n\\u00e1stroj\\u016f, kter\\u00fd bude obsahovat n\\u00e1sleduj\\u00edc\\u00ed \\u010d\\u00e1sti: 1) Metodika a r\\u00e1mec XR, 2) V\\u00fdsledky v\\u00fdzkumu od stolu a ter\\u00e9nn\\u00edho v\\u00fdzkumu v ka\\u017ed\\u00e9 partnersk\\u00e9 zemi, 3) Osv\\u011bd\\u010den\\u00e9 postupy, 4) Pl\\u00e1ny v\\u00fduky, 5) N\\u00e1stroje a aplikace XR, 6) Konkr\\u00e9tn\\u00ed pokyny pro u\\u010ditele jazyk\\u016f\\\/v\\u00fdzkumn\\u00edky\\\/\\u0161kolitele, 7) Z\\u00e1v\\u011bry a doporu\\u010den\\u00ed.<\\\/span><\\\/p>\",\"title\":\"\n\n<div class=\\\"uk-text-center\\\"><img src=\\\"https:\\\/\\\/xrwomenproject.eu\\\/wp-content\\\/uploads\\\/2023\\\/03\\\/methodology.svg\\\"\\\/>\n\n<h2 class=\\\"uk-h2\\\">Metodika <\\\/h2><\\\/div>\"}}]}]}]}]}],\"version\":\"3.0.20\"} --><\/p>\n","protected":false},"excerpt":{"rendered":"<p>Stru\u010dn\u011b o projektu Projekt je pln\u011b v souladu s prioritou inkluze, nebo\u0165 jeho c\u00edlem je podpo\u0159it soci\u00e1ln\u00ed za\u010dlen\u011bn\u00ed a aktivn\u00ed \u00fa\u010dast \u017een, kter\u00e9 byly ozna\u010deny..<\/p>\n","protected":false},"author":1,"featured_media":0,"parent":0,"menu_order":0,"comment_status":"closed","ping_status":"closed","template":"","meta":{"_acf_changed":false,"inline_featured_image":false,"footnotes":""},"class_list":["post-2018","page","type-page","status-publish","hentry"],"acf":[],"_links":{"self":[{"href":"https:\/\/xrwomenproject.eu\/cs\/wp-json\/wp\/v2\/pages\/2018","targetHints":{"allow":["GET"]}}],"collection":[{"href":"https:\/\/xrwomenproject.eu\/cs\/wp-json\/wp\/v2\/pages"}],"about":[{"href":"https:\/\/xrwomenproject.eu\/cs\/wp-json\/wp\/v2\/types\/page"}],"author":[{"embeddable":true,"href":"https:\/\/xrwomenproject.eu\/cs\/wp-json\/wp\/v2\/users\/1"}],"replies":[{"embeddable":true,"href":"https:\/\/xrwomenproject.eu\/cs\/wp-json\/wp\/v2\/comments?post=2018"}],"version-history":[{"count":3,"href":"https:\/\/xrwomenproject.eu\/cs\/wp-json\/wp\/v2\/pages\/2018\/revisions"}],"predecessor-version":[{"id":2204,"href":"https:\/\/xrwomenproject.eu\/cs\/wp-json\/wp\/v2\/pages\/2018\/revisions\/2204"}],"wp:attachment":[{"href":"https:\/\/xrwomenproject.eu\/cs\/wp-json\/wp\/v2\/media?parent=2018"}],"curies":[{"name":"wp","href":"https:\/\/api.w.org\/{rel}","templated":true}]}}