{"id":2032,"date":"2022-03-21T06:09:31","date_gmt":"2022-03-21T06:09:31","guid":{"rendered":"https:\/\/xrwomenproject.eu\/partners\/"},"modified":"2023-12-18T12:14:30","modified_gmt":"2023-12-18T12:14:30","slug":"partners","status":"publish","type":"page","link":"https:\/\/xrwomenproject.eu\/cs\/partners\/","title":{"rendered":"Partne\u0159i"},"content":{"rendered":"<ul>\n<li>\n<p>        <img decoding=\"async\" src=\"\/wp-content\/uploads\/2023\/08\/uoa.png\" alt=\"\"><\/p>\n<p> <a class=\"uk-button uk-button-text\" href=\"https:\/\/www.aegean.edu\/\" >https:\/\/www.aegean.edu\/<\/a><\/p>\n<div>\n<p>Egejsk\u00e1 univerzita byla zalo\u017eena v roce 1984 s c\u00edlem zav\u00e9st nov\u00e9 p\u0159\u00edstupy ve vysoko\u0161kolsk\u00e9m vzd\u011bl\u00e1v\u00e1n\u00ed v \u0158ecku i ve sv\u011bt\u011b a podporovat region\u00e1ln\u00ed rozvoj. Egejsk\u00e1 univerzita se nach\u00e1z\u00ed na \u0161esti malebn\u00fdch ostrovech v Egejsk\u00e9m souostrov\u00ed a nab\u00edz\u00ed jedine\u010dn\u00e9 p\u0159\u00edrodn\u00ed, kulturn\u00ed a lidsk\u00e9 prost\u0159ed\u00ed pro modern\u00ed studium ve starobyl\u00e9 kol\u00e9bce v\u011bd\u011bn\u00ed. M\u00e1 v\u00edce ne\u017e 16 000 student\u016f bakal\u00e1\u0159sk\u00e9ho studia, v\u00edce ne\u017e 2 100 postgradu\u00e1ln\u00edch student\u016f, v\u00edce ne\u017e 350 pedagogick\u00fdch pracovn\u00edk\u016f a v\u00edce ne\u017e 250 administrativn\u00edch pracovn\u00edk\u016f. Za necel\u00fdch t\u0159icet let se Egejsk\u00e1 univerzita vyvinula v mezin\u00e1rodn\u00ed na v\u00fdzkum zam\u011b\u0159enou univerzitu, kter\u00e1 nab\u00edz\u00ed 18 bakal\u00e1\u0159sk\u00fdch a 40 postgradu\u00e1ln\u00edch program\u016f v modern\u00edch interdisciplin\u00e1rn\u00edch tematick\u00fdch oblastech.<\/p>\n<\/div>\n<\/li>\n<li>\n<p>        <img decoding=\"async\" src=\"\/wp-content\/uploads\/2023\/08\/motiondigital_ONLINE-05_edited.webp\" alt=\"\"><\/p>\n<p> <a class=\"uk-button uk-button-text\" href=\"https:\/\/www.motion-digital.eu\/\" >https:\/\/www.motion-digital.eu\/<\/a><\/p>\n<div>\n<p><span>SEMwell and Motion Digital je spole\u010dnost registrovan\u00e1 v \u010cesk\u00e9 republice od roku 2019. Chceme se vypracovat na jednu z p\u0159edn\u00edch spole\u010dnost\u00ed v oblasti technologi\u00ed, ml\u00e1de\u017ee a vzd\u011bl\u00e1v\u00e1n\u00ed v \u010cesk\u00e9 republice a Evropsk\u00e9 unii. Na\u0161\u00edm posl\u00e1n\u00edm je obohacovat \u017eivoty lid\u00ed v udr\u017eiteln\u00e9m prost\u0159ed\u00ed prost\u0159ednictv\u00edm technologi\u00ed, exponenci\u00e1ln\u00edho r\u016fstu a lidsk\u00e9ho rozvoje. A na\u0161\u00edm hlavn\u00edm c\u00edlem je umo\u017enit celo\u017eivotn\u011b se vzd\u011bl\u00e1vaj\u00edc\u00edm lidem p\u0159evz\u00edt kontrolu nad sv\u00fdm \u017eivotem a \u0159\u00eddit syst\u00e9mov\u00e9 zm\u011bny, kter\u00e9 zlep\u0161uj\u00ed kvalitu \u017eivota.<\/span><\/p>\n<p><span>Na\u0161\u00ed viz\u00ed je dos\u00e1hnout exponenci\u00e1ln\u00edho r\u016fstu v oblasti lidsk\u00e9ho rozvoje s vyu\u017eit\u00edm technologi\u00ed a digit\u00e1ln\u00edch inovac\u00ed. V\u011b\u0159\u00edme, \u017ee m\u016f\u017eeme sehr\u00e1t velkou roli p\u0159i umo\u017e\u0148ov\u00e1n\u00ed a posilov\u00e1n\u00ed inov\u00e1tor\u016f, kte\u0159\u00ed vytv\u00e1\u0159ej\u00ed mo\u017enosti, aby se tak stalo v udr\u017eiteln\u00e9m ekosyst\u00e9mu.<\/span><\/p>\n<p><span>Spolupracujeme s dal\u0161\u00edmi organizacemi a vzd\u011bl\u00e1vac\u00edmi institucemi v Evrop\u011b s podobnou viz\u00ed. Spolupracujeme na mezin\u00e1rodn\u00edch projektech financovan\u00fdch z programu Erasmus+. Na\u0161\u00edm c\u00edlem je podporovat organizace, ob\u010danskou spole\u010dnost, pracovn\u00edky s ml\u00e1de\u017e\u00ed a ml\u00e1de\u017enick\u00e9 kluby, aby se zapojily do aktivn\u00ed advokacie ve sv\u00fdch m\u00edstn\u00edch komunit\u00e1ch. Mezi na\u0161e odborn\u00e9 oblasti pat\u0159\u00ed nap\u0159:<\/span><\/p>\n<ul>\n<li aria-level=\"1\"><span>Wellbeing a mindfulness<\/span><\/li>\n<li aria-level=\"1\"><span>Soci\u00e1ln\u011b-emo\u010dn\u00ed u\u010den\u00ed<\/span><\/li>\n<li aria-level=\"1\"><span>Soci\u00e1ln\u00ed spravedlnost &#8211; boj proti stigmatizaci a soci\u00e1ln\u00edm p\u0159edsudk\u016fm<\/span><\/li>\n<\/ul>\n<p><span>V sou\u010dasn\u00e9 dob\u011b m\u00e1me \u010dty\u0159i zam\u011bstnance, kte\u0159\u00ed jsou koordin\u00e1tory projekt\u016f a z\u00e1rove\u0148 odborn\u00edky v oblasti pr\u00e1ce s ml\u00e1de\u017e\u00ed, well-beingu, odolnosti, mindfulness a soci\u00e1ln\u011b-emo\u010dn\u00edho u\u010den\u00ed. \u00dazce spolupracujeme tak\u00e9 s m\u00edstn\u00edmi extern\u00edmi odborn\u00edky v oblasti psychologie, vzd\u011bl\u00e1v\u00e1n\u00ed, soci\u00e1ln\u00ed pr\u00e1ce a digit\u00e1ln\u00edho vzd\u011bl\u00e1v\u00e1n\u00ed.<\/span><\/p>\n<\/div>\n<\/li>\n<li>\n<p>        <img decoding=\"async\" src=\"\/wp-content\/uploads\/2023\/08\/akademiahel.png\" alt=\"\"><\/p>\n<p> <a class=\"uk-button uk-button-text\" href=\"https:\/\/www.ahe.lodz.pl\/en\" >https:\/\/www.ahe.lodz.pl<\/a><\/p>\n<div>\n<p>Vysok\u00e1 \u0161kola humanitn\u00edch a ekonomick\u00fdch studi\u00ed v Lod\u017ei (AHE) je akreditovan\u00e1 vysoko\u0161kolsk\u00e1 instituce, kter\u00e1 krom\u011b tradi\u010dn\u00edch vysoko\u0161kolsk\u00fdch program\u016f (bakal\u00e1\u0159sk\u00e9, magistersk\u00e9, magistersk\u00e9, doktorsk\u00e9) poskytuje tak\u00e9 postgradu\u00e1ln\u00ed studium a kurzy pro r\u016fzn\u00e9 c\u00edlov\u00e9 skupiny, v\u010detn\u011b dosp\u011bl\u00fdch nezam\u011bstnan\u00fdch uchaze\u010d\u016f o zam\u011bstn\u00e1n\u00ed, migrant\u016f, znev\u00fdhodn\u011bn\u00e9 ml\u00e1de\u017ee, nezam\u011bstnan\u00e9 ml\u00e1de\u017ee, student\u016f, zdravotn\u011b posti\u017een\u00fdch, senior\u016f, u\u010ditel\u016f, \u0161kolitel\u016f, osob r\u016fzn\u00fdch profes\u00ed. AHE m\u00e1 23 fakult a nab\u00edz\u00ed \u0161irok\u00fd v\u00fdb\u011br obor\u016f, v\u00edce ne\u017e 100 kurz\u016f, z toho 5 v angli\u010dtin\u011b. U\u010debn\u00ed pl\u00e1ny kurz\u016f jsou neust\u00e1le aktualizov\u00e1ny podle po\u017eadavk\u016f trhu. N\u00e1\u0161 person\u00e1l zahrnuje p\u0159ibli\u017en\u011b 200 st\u00e1l\u00fdch zam\u011bstnanc\u016f: v\u00fdzkumn\u00e9 pracovn\u00edky, u\u010ditele, \u0161kolitele, pomocn\u00fd person\u00e1l (finan\u010dn\u00ed, administrativn\u00ed, technick\u00fd person\u00e1l), specialisty a odborn\u00edky v r\u016fzn\u00fdch oblastech. Univerzita se zam\u011b\u0159uje na v\u00fdzkum v oblasti vzd\u011bl\u00e1v\u00e1n\u00ed, inovativn\u00edch metod v\u00fduky a e-learningu. AHE je akademi\u00ed modern\u00edch technologi\u00ed, kter\u00e1 se m\u016f\u017ee pochlubit profesion\u00e1ln\u011b vybaven\u00fdm nakladatelstv\u00edm, spolupracuje s televizn\u00edm studiem, technologick\u00fdm inkub\u00e1torem, klinikou a tisk\u00e1rnou a tak\u00e9 nejv\u011bt\u0161\u00ed &#8211; mezi neve\u0159ejn\u00fdmi \u0161kolami v regionu &#8211; voln\u011b p\u0159\u00edstupnou knihovnou.<\/p>\n<\/div>\n<\/li>\n<li>\n<p>        <img decoding=\"async\" src=\"\/wp-content\/uploads\/2023\/03\/cardet-l-1.svg\" alt=\"\"><\/p>\n<p> <a class=\"uk-button uk-button-text\" href=\"https:\/\/cardet.org\" >www.cardet.org<\/a><\/p>\n<div>\n<p>CARDET je p\u0159edn\u00ed v\u00fdzkumn\u00e9 a v\u00fdvojov\u00e9 centrum ve St\u0159edomo\u0159\u00ed s celosv\u011btov\u00fdmi odborn\u00fdmi znalostmi v oblasti vzd\u011bl\u00e1v\u00e1n\u00ed dosp\u011bl\u00fdch, jazykov\u00e9ho vzd\u011bl\u00e1v\u00e1n\u00ed, digit\u00e1ln\u00edch dovednost\u00ed, inkluze a budov\u00e1n\u00ed kapacit. Jako nejv\u011bt\u0161\u00ed nez\u00e1visl\u00e9 neziskov\u00e9 centrum se s\u00eddlem na Kypru je CARDET nez\u00e1visle p\u0159idru\u017een k univerzit\u00e1m a instituc\u00edm z cel\u00e9ho sv\u011bta, jako je Yaleova univerzita, Nik\u00f3sijsk\u00e1 univerzita a Mezin\u00e1rodn\u00ed rada pro vzd\u011bl\u00e1vac\u00ed m\u00e9dia. N\u00e1\u0161 t\u00fdm ve spolupr\u00e1ci s EAEA ned\u00e1vno vypracoval strategii celo\u017eivotn\u00edho u\u010den\u00ed pro Kypr na obdob\u00ed 2021-2027, do n\u00ed\u017e zapojil n\u011bkolik ministerstev, vl\u00e1dn\u00edch agentur, soci\u00e1ln\u00edch partner\u016f a z\u00fa\u010dastn\u011bn\u00fdch stran z ve\u0159ejn\u00e9ho i soukrom\u00e9ho sektoru.<\/p>\n<\/div>\n<\/li>\n<li>\n<p>        <img decoding=\"async\" src=\"\/wp-content\/uploads\/2023\/12\/logo-sveb.png\" alt=\"\"><\/p>\n<h3> <a class=\"uk-button uk-button-text\" href=\"https:\/\/alice.ch\/en\/\" >www.alice.ch<\/a><\/h3>\n<div>\n<p><span>SVEB je \u0161v\u00fdcarsk\u00e1 n\u00e1rodn\u00ed organizace zast\u0159e\u0161uj\u00edc\u00ed vzd\u011bl\u00e1v\u00e1n\u00ed dosp\u011bl\u00fdch a funguje jako profesn\u00ed sdru\u017een\u00ed a z\u00e1jmov\u00e1 skupina. Jsme zastoupen\u00ed prost\u0159ednictv\u00edm kancel\u00e1\u0159\u00ed ve v\u0161ech t\u0159ech jazykov\u00fdch regionech. Krom\u011b toho spravujeme tak\u00e9 n\u00e1rodn\u00ed syst\u00e9m \u0161kolen\u00ed \u0161kolitel\u016f a jsme zodpov\u011bdn\u00ed za eduQua, n\u00e1rodn\u00ed syst\u00e9m kvality pro poskytovatele vzd\u011bl\u00e1v\u00e1n\u00ed dosp\u011bl\u00fdch. Na\u0161e kancel\u00e1\u0159e v italsky a francouzsky mluv\u00edc\u00edch zem\u00edch \u0160v\u00fdcarska jsou aktivn\u011b podporov\u00e1ny region\u00e1ln\u00edmi s\u00edt\u011bmi.<\/span><\/p>\n<\/div>\n<\/li>\n<\/ul>\n<p><!--more--><br \/>\n<!-- {\"type\":\"layout\",\"children\":[{\"type\":\"section\",\"props\":{\"image_position\":\"center-center\",\"padding_remove_top\":true,\"style\":\"default\",\"title_breakpoint\":\"xl\",\"title_position\":\"top-left\",\"title_rotation\":\"left\",\"vertical_align\":\"middle\",\"width\":\"default\"},\"children\":[{\"type\":\"row\",\"children\":[{\"type\":\"column\",\"props\":{\"image_position\":\"center-center\",\"media_overlay_gradient\":\"\",\"position_sticky_breakpoint\":\"m\"},\"children\":[{\"type\":\"panel-slider\",\"props\":{\"class\":\"partner-slid\",\"content_column_breakpoint\":\"m\",\"icon_width\":80,\"image_align\":\"top\",\"image_grid_breakpoint\":\"m\",\"image_grid_width\":\"1-2\",\"image_svg_color\":\"emphasis\",\"link_style\":\"text\",\"link_text\":\"Read more\",\"margin\":\"default\",\"meta_align\":\"below-title\",\"meta_element\":\"div\",\"meta_style\":\"text-meta\",\"nav\":\"dotnav\",\"nav_align\":\"center\",\"nav_breakpoint\":\"\",\"panel_card_match\":true,\"show_content\":true,\"show_image\":true,\"show_link\":true,\"show_meta\":true,\"show_title\":true,\"slidenav\":\"outside\",\"slidenav_breakpoint\":\"l\",\"slidenav_large\":true,\"slidenav_margin\":\"medium\",\"slidenav_outside_breakpoint\":\"l\",\"slider_autoplay_pause\":true,\"slider_gap\":\"default\",\"slider_width\":\"fixed\",\"slider_width_default\":\"1-1\",\"slider_width_large\":\"1-1\",\"slider_width_medium\":\"1-1\",\"slider_width_small\":\"1-1\",\"slider_width_xlarge\":\"1-1\",\"title_align\":\"top\",\"title_element\":\"h3\",\"title_grid_breakpoint\":\"m\",\"title_grid_width\":\"1-2\",\"title_hover_style\":\"reset\"},\"children\":[{\"type\":\"panel-slider_item\",\"props\":{\"content\":\"\n\n<p>Egejsk\\u00e1 univerzita byla zalo\\u017eena v roce 1984 s c\\u00edlem zav\\u00e9st nov\\u00e9 p\\u0159\\u00edstupy ve vysoko\\u0161kolsk\\u00e9m vzd\\u011bl\\u00e1v\\u00e1n\\u00ed v \\u0158ecku i ve sv\\u011bt\\u011b a podporovat region\\u00e1ln\\u00ed rozvoj. Egejsk\\u00e1 univerzita se nach\\u00e1z\\u00ed na \\u0161esti malebn\\u00fdch ostrovech v Egejsk\\u00e9m souostrov\\u00ed a nab\\u00edz\\u00ed jedine\\u010dn\\u00e9 p\\u0159\\u00edrodn\\u00ed, kulturn\\u00ed a lidsk\\u00e9 prost\\u0159ed\\u00ed pro modern\\u00ed studium ve starobyl\\u00e9 kol\\u00e9bce v\\u011bd\\u011bn\\u00ed. M\\u00e1 v\\u00edce ne\\u017e 16 000 student\\u016f bakal\\u00e1\\u0159sk\\u00e9ho studia, v\\u00edce ne\\u017e 2 100 postgradu\\u00e1ln\\u00edch student\\u016f, v\\u00edce ne\\u017e 350 pedagogick\\u00fdch pracovn\\u00edk\\u016f a v\\u00edce ne\\u017e 250 administrativn\\u00edch pracovn\\u00edk\\u016f. Za necel\\u00fdch t\\u0159icet let se Egejsk\\u00e1 univerzita vyvinula v mezin\\u00e1rodn\\u00ed na v\\u00fdzkum zam\\u011b\\u0159enou univerzitu, kter\\u00e1 nab\\u00edz\\u00ed 18 bakal\\u00e1\\u0159sk\\u00fdch a 40 postgradu\\u00e1ln\\u00edch program\\u016f v modern\\u00edch interdisciplin\\u00e1rn\\u00edch tematick\\u00fdch oblastech.<\\\/p>\",\"image\":\"wp-content\\\/uploads\\\/2023\\\/08\\\/uoa.png\",\"link\":\"\",\"link_text\":\"www.cardet.org\",\"meta\":\" <a class=\\\"uk-button uk-button-text\\\" href=\\\"https:\\\/\\\/www.aegean.edu\\\/\\\" >https:\\\/\\\/www.aegean.edu\\\/<\\\/a>\"}},{\"type\":\"panel-slider_item\",\"props\":{\"content\":\"\n\n<p><span>SEMwell and Motion Digital je spole\\u010dnost registrovan\\u00e1 v \\u010cesk\\u00e9 republice od roku 2019. Chceme se vypracovat na jednu z p\\u0159edn\\u00edch spole\\u010dnost\\u00ed v oblasti technologi\\u00ed, ml\\u00e1de\\u017ee a vzd\\u011bl\\u00e1v\\u00e1n\\u00ed v \\u010cesk\\u00e9 republice a Evropsk\\u00e9 unii. Na\\u0161\\u00edm posl\\u00e1n\\u00edm je obohacovat \\u017eivoty lid\\u00ed v udr\\u017eiteln\\u00e9m prost\\u0159ed\\u00ed prost\\u0159ednictv\\u00edm technologi\\u00ed, exponenci\\u00e1ln\\u00edho r\\u016fstu a lidsk\\u00e9ho rozvoje. A na\\u0161\\u00edm hlavn\\u00edm c\\u00edlem je umo\\u017enit celo\\u017eivotn\\u011b se vzd\\u011bl\\u00e1vaj\\u00edc\\u00edm lidem p\\u0159evz\\u00edt kontrolu nad sv\\u00fdm \\u017eivotem a \\u0159\\u00eddit syst\\u00e9mov\\u00e9 zm\\u011bny, kter\\u00e9 zlep\\u0161uj\\u00ed kvalitu \\u017eivota.<\\\/span><\\\/p>\\n\n\n<p><span>Na\\u0161\\u00ed viz\\u00ed je dos\\u00e1hnout exponenci\\u00e1ln\\u00edho r\\u016fstu v oblasti lidsk\\u00e9ho rozvoje s vyu\\u017eit\\u00edm technologi\\u00ed a digit\\u00e1ln\\u00edch inovac\\u00ed. V\\u011b\\u0159\\u00edme, \\u017ee m\\u016f\\u017eeme sehr\\u00e1t velkou roli p\\u0159i umo\\u017e\\u0148ov\\u00e1n\\u00ed a posilov\\u00e1n\\u00ed inov\\u00e1tor\\u016f, kte\\u0159\\u00ed vytv\\u00e1\\u0159ej\\u00ed mo\\u017enosti, aby se tak stalo v udr\\u017eiteln\\u00e9m ekosyst\\u00e9mu.<\\\/span><\\\/p>\\n\n\n<p><span>Spolupracujeme s dal\\u0161\\u00edmi organizacemi a vzd\\u011bl\\u00e1vac\\u00edmi institucemi v Evrop\\u011b s podobnou viz\\u00ed. Spolupracujeme na mezin\\u00e1rodn\\u00edch projektech financovan\\u00fdch z programu Erasmus+. Na\\u0161\\u00edm c\\u00edlem je podporovat organizace, ob\\u010danskou spole\\u010dnost, pracovn\\u00edky s ml\\u00e1de\\u017e\\u00ed a ml\\u00e1de\\u017enick\\u00e9 kluby, aby se zapojily do aktivn\\u00ed advokacie ve sv\\u00fdch m\\u00edstn\\u00edch komunit\\u00e1ch. Mezi na\\u0161e odborn\\u00e9 oblasti pat\\u0159\\u00ed nap\\u0159:<\\\/span><\\\/p>\\n\n\n<ul>\\n\n\n<li aria-level=\\\"1\\\"><span>Wellbeing a mindfulness<\\\/span><\\\/li>\\n\n\n<li aria-level=\\\"1\\\"><span>Soci\\u00e1ln\\u011b-emo\\u010dn\\u00ed u\\u010den\\u00ed<\\\/span><\\\/li>\\n\n\n<li aria-level=\\\"1\\\"><span>Soci\\u00e1ln\\u00ed spravedlnost - boj proti stigmatizaci a soci\\u00e1ln\\u00edm p\\u0159edsudk\\u016fm<\\\/span><\\\/li>\\n<\\\/ul>\\n\n\n<p><span>V sou\\u010dasn\\u00e9 dob\\u011b m\\u00e1me \\u010dty\\u0159i zam\\u011bstnance, kte\\u0159\\u00ed jsou koordin\\u00e1tory projekt\\u016f a z\\u00e1rove\\u0148 odborn\\u00edky v oblasti pr\\u00e1ce s ml\\u00e1de\\u017e\\u00ed, well-beingu, odolnosti, mindfulness a soci\\u00e1ln\\u011b-emo\\u010dn\\u00edho u\\u010den\\u00ed. \\u00dazce spolupracujeme tak\\u00e9 s m\\u00edstn\\u00edmi extern\\u00edmi odborn\\u00edky v oblasti psychologie, vzd\\u011bl\\u00e1v\\u00e1n\\u00ed, soci\\u00e1ln\\u00ed pr\\u00e1ce a digit\\u00e1ln\\u00edho vzd\\u011bl\\u00e1v\\u00e1n\\u00ed.<\\\/span><\\\/p>\",\"image\":\"wp-content\\\/uploads\\\/2023\\\/08\\\/motiondigital_ONLINE-05_edited.webp\",\"link\":\"\",\"link_text\":\"www.cardet.org\",\"meta\":\" <a class=\\\"uk-button uk-button-text\\\" href=\\\"https:\\\/\\\/www.motion-digital.eu\\\/\\\" >https:\\\/\\\/www.motion-digital.eu\\\/<\\\/a>\"}},{\"type\":\"panel-slider_item\",\"props\":{\"content\":\"\n\n<p>Vysok\\u00e1 \\u0161kola humanitn\\u00edch a ekonomick\\u00fdch studi\\u00ed v Lod\\u017ei (AHE) je akreditovan\\u00e1 vysoko\\u0161kolsk\\u00e1 instituce, kter\\u00e1 krom\\u011b tradi\\u010dn\\u00edch vysoko\\u0161kolsk\\u00fdch program\\u016f (bakal\\u00e1\\u0159sk\\u00e9, magistersk\\u00e9, magistersk\\u00e9, doktorsk\\u00e9) poskytuje tak\\u00e9 postgradu\\u00e1ln\\u00ed studium a kurzy pro r\\u016fzn\\u00e9 c\\u00edlov\\u00e9 skupiny, v\\u010detn\\u011b dosp\\u011bl\\u00fdch nezam\\u011bstnan\\u00fdch uchaze\\u010d\\u016f o zam\\u011bstn\\u00e1n\\u00ed, migrant\\u016f, znev\\u00fdhodn\\u011bn\\u00e9 ml\\u00e1de\\u017ee, nezam\\u011bstnan\\u00e9 ml\\u00e1de\\u017ee, student\\u016f, zdravotn\\u011b posti\\u017een\\u00fdch, senior\\u016f, u\\u010ditel\\u016f, \\u0161kolitel\\u016f, osob r\\u016fzn\\u00fdch profes\\u00ed. AHE m\\u00e1 23 fakult a nab\\u00edz\\u00ed \\u0161irok\\u00fd v\\u00fdb\\u011br obor\\u016f, v\\u00edce ne\\u017e 100 kurz\\u016f, z toho 5 v angli\\u010dtin\\u011b. U\\u010debn\\u00ed pl\\u00e1ny kurz\\u016f jsou neust\\u00e1le aktualizov\\u00e1ny podle po\\u017eadavk\\u016f trhu. N\\u00e1\\u0161 person\\u00e1l zahrnuje p\\u0159ibli\\u017en\\u011b 200 st\\u00e1l\\u00fdch zam\\u011bstnanc\\u016f: v\\u00fdzkumn\\u00e9 pracovn\\u00edky, u\\u010ditele, \\u0161kolitele, pomocn\\u00fd person\\u00e1l (finan\\u010dn\\u00ed, administrativn\\u00ed, technick\\u00fd person\\u00e1l), specialisty a odborn\\u00edky v r\\u016fzn\\u00fdch oblastech. Univerzita se zam\\u011b\\u0159uje na v\\u00fdzkum v oblasti vzd\\u011bl\\u00e1v\\u00e1n\\u00ed, inovativn\\u00edch metod v\\u00fduky a e-learningu. AHE je akademi\\u00ed modern\\u00edch technologi\\u00ed, kter\\u00e1 se m\\u016f\\u017ee pochlubit profesion\\u00e1ln\\u011b vybaven\\u00fdm nakladatelstv\\u00edm, spolupracuje s televizn\\u00edm studiem, technologick\\u00fdm inkub\\u00e1torem, klinikou a tisk\\u00e1rnou a tak\\u00e9 nejv\\u011bt\\u0161\\u00ed - mezi neve\\u0159ejn\\u00fdmi \\u0161kolami v regionu - voln\\u011b p\\u0159\\u00edstupnou knihovnou.<\\\/p>\",\"image\":\"wp-content\\\/uploads\\\/2023\\\/08\\\/akademiahel.png\",\"link\":\"\",\"link_text\":\"www.cardet.org\",\"meta\":\" <a class=\\\"uk-button uk-button-text\\\" href=\\\"https:\\\/\\\/www.ahe.lodz.pl\\\/en\\\" >https:\\\/\\\/www.ahe.lodz.pl<\\\/a>\"}},{\"type\":\"panel-slider_item\",\"props\":{\"content\":\"\n\n<p>CARDET je p\\u0159edn\\u00ed v\\u00fdzkumn\\u00e9 a v\\u00fdvojov\\u00e9 centrum ve St\\u0159edomo\\u0159\\u00ed s celosv\\u011btov\\u00fdmi odborn\\u00fdmi znalostmi v oblasti vzd\\u011bl\\u00e1v\\u00e1n\\u00ed dosp\\u011bl\\u00fdch, jazykov\\u00e9ho vzd\\u011bl\\u00e1v\\u00e1n\\u00ed, digit\\u00e1ln\\u00edch dovednost\\u00ed, inkluze a budov\\u00e1n\\u00ed kapacit. Jako nejv\\u011bt\\u0161\\u00ed nez\\u00e1visl\\u00e9 neziskov\\u00e9 centrum se s\\u00eddlem na Kypru je CARDET nez\\u00e1visle p\\u0159idru\\u017een k univerzit\\u00e1m a instituc\\u00edm z cel\\u00e9ho sv\\u011bta, jako je Yaleova univerzita, Nik\\u00f3sijsk\\u00e1 univerzita a Mezin\\u00e1rodn\\u00ed rada pro vzd\\u011bl\\u00e1vac\\u00ed m\\u00e9dia. N\\u00e1\\u0161 t\\u00fdm ve spolupr\\u00e1ci s EAEA ned\\u00e1vno vypracoval strategii celo\\u017eivotn\\u00edho u\\u010den\\u00ed pro Kypr na obdob\\u00ed 2021-2027, do n\\u00ed\\u017e zapojil n\\u011bkolik ministerstev, vl\\u00e1dn\\u00edch agentur, soci\\u00e1ln\\u00edch partner\\u016f a z\\u00fa\\u010dastn\\u011bn\\u00fdch stran z ve\\u0159ejn\\u00e9ho i soukrom\\u00e9ho sektoru.<\\\/p>\",\"image\":\"wp-content\\\/uploads\\\/2023\\\/03\\\/cardet-l-1.svg\",\"link\":\"\",\"link_text\":\"www.cardet.org\",\"meta\":\" <a class=\\\"uk-button uk-button-text\\\" href=\\\"https:\\\/\\\/cardet.org\\\" >www.cardet.org<\\\/a>\"}},{\"type\":\"panel-slider_item\",\"props\":{\"content\":\"\n\n<p><span>SVEB je \\u0161v\\u00fdcarsk\\u00e1 n\\u00e1rodn\\u00ed organizace zast\\u0159e\\u0161uj\\u00edc\\u00ed vzd\\u011bl\\u00e1v\\u00e1n\\u00ed dosp\\u011bl\\u00fdch a funguje jako profesn\\u00ed sdru\\u017een\\u00ed a z\\u00e1jmov\\u00e1 skupina. Jsme zastoupen\\u00ed prost\\u0159ednictv\\u00edm kancel\\u00e1\\u0159\\u00ed ve v\\u0161ech t\\u0159ech jazykov\\u00fdch regionech. Krom\\u011b toho spravujeme tak\\u00e9 n\\u00e1rodn\\u00ed syst\\u00e9m \\u0161kolen\\u00ed \\u0161kolitel\\u016f a jsme zodpov\\u011bdn\\u00ed za eduQua, n\\u00e1rodn\\u00ed syst\\u00e9m kvality pro poskytovatele vzd\\u011bl\\u00e1v\\u00e1n\\u00ed dosp\\u011bl\\u00fdch. Na\\u0161e kancel\\u00e1\\u0159e v italsky a francouzsky mluv\\u00edc\\u00edch zem\\u00edch \\u0160v\\u00fdcarska jsou aktivn\\u011b podporov\\u00e1ny region\\u00e1ln\\u00edmi s\\u00edt\\u011bmi.<\\\/span><\\\/p>\",\"image\":\"wp-content\\\/uploads\\\/2023\\\/12\\\/logo-sveb.png\",\"title\":\" <a class=\\\"uk-button uk-button-text\\\" href=\\\"https:\\\/\\\/alice.ch\\\/en\\\/\\\" >www.alice.ch<\\\/a>\"}}]}]}]}]}],\"version\":\"3.0.20\"} --><\/p>\n","protected":false},"excerpt":{"rendered":"<p>https:\/\/www.aegean.edu\/ Egejsk\u00e1 univerzita byla zalo\u017eena v roce 1984 s c\u00edlem zav\u00e9st nov\u00e9 p\u0159\u00edstupy ve vysoko\u0161kolsk\u00e9m vzd\u011bl\u00e1v\u00e1n\u00ed v \u0158ecku i ve sv\u011bt\u011b a podporovat region\u00e1ln\u00ed rozvoj&#8230;<\/p>\n","protected":false},"author":1,"featured_media":0,"parent":0,"menu_order":0,"comment_status":"closed","ping_status":"closed","template":"","meta":{"_acf_changed":false,"inline_featured_image":false,"footnotes":""},"class_list":["post-2032","page","type-page","status-publish","hentry"],"acf":[],"_links":{"self":[{"href":"https:\/\/xrwomenproject.eu\/cs\/wp-json\/wp\/v2\/pages\/2032","targetHints":{"allow":["GET"]}}],"collection":[{"href":"https:\/\/xrwomenproject.eu\/cs\/wp-json\/wp\/v2\/pages"}],"about":[{"href":"https:\/\/xrwomenproject.eu\/cs\/wp-json\/wp\/v2\/types\/page"}],"author":[{"embeddable":true,"href":"https:\/\/xrwomenproject.eu\/cs\/wp-json\/wp\/v2\/users\/1"}],"replies":[{"embeddable":true,"href":"https:\/\/xrwomenproject.eu\/cs\/wp-json\/wp\/v2\/comments?post=2032"}],"version-history":[{"count":4,"href":"https:\/\/xrwomenproject.eu\/cs\/wp-json\/wp\/v2\/pages\/2032\/revisions"}],"predecessor-version":[{"id":2207,"href":"https:\/\/xrwomenproject.eu\/cs\/wp-json\/wp\/v2\/pages\/2032\/revisions\/2207"}],"wp:attachment":[{"href":"https:\/\/xrwomenproject.eu\/cs\/wp-json\/wp\/v2\/media?parent=2032"}],"curies":[{"name":"wp","href":"https:\/\/api.w.org\/{rel}","templated":true}]}}