{"id":2019,"date":"2022-02-24T14:11:37","date_gmt":"2022-02-24T14:11:37","guid":{"rendered":"https:\/\/xrwomenproject.eu\/about\/"},"modified":"2025-01-28T14:26:55","modified_gmt":"2025-01-28T14:26:55","slug":"about","status":"publish","type":"page","link":"https:\/\/xrwomenproject.eu\/de\/about\/","title":{"rendered":"\u00dcber uns"},"content":{"rendered":"<ul>\n<li>\n<h3>\n<div class=\"uk-text-center\"><img decoding=\"async\"  src=\"https:\/\/xrwomenproject.eu\/wp-content\/uploads\/2023\/03\/overview.svg\"\/><\/p>\n<h2 class=\"uk-h2\">\u00dcber das Projekt <\/h2>\n<\/div>\n<\/h3>\n<div>\n<p>Das Projekt hat zum Ziel, durch Sprachunterricht die Eingliederung von Frauen zu f\u00f6rdern, die geringe Chancen auf allgemeine und berufliche Bildung haben. Das Projekt sieht die Sprache als  wichtiges Instrument zur sozialen Eingliederung in die Gesellschaft.\n<\/p>\n<p>Die technologischen Werkzeuge, die in XRwomen verwendet werden (z.B. Oculus), simulieren kommunikative Situationen. Die Nutzenden k\u00f6nnen Erfahrungen in einer vollst\u00e4ndig virtuellen Welt (VR), eine realit\u00e4tsnahen Welt (AR) und einer VR und AR kombinierten Welt (MR) machen. Die Nutzenden werden in Situationen versetzt, in welchen sie eine neue Sprache \u00fcben und anwenden k\u00f6nnen.<\/p>\n<\/div>\n<\/li>\n<li>\n<h3>\n<div class=\"uk-text-center\"><img decoding=\"async\" src=\"https:\/\/xrwomenproject.eu\/wp-content\/uploads\/2023\/03\/specific-obj.svg\"\/><\/p>\n<h2 class=\"uk-h2\">Unsere Ziele<\/h2>\n<\/div>\n<\/h3>\n<div>\n<p>Das Projekt soll folgenden Beitrag leisten: Integration von Personen mit Migrationshintergrund, F\u00f6rderung der Gleichstellung, Nichtdiskriminierung sowie Verhinderung von Rassismus und Diskriminierung.<\/p>\n<p>Die spezifischen Ziele des Projekts sind:<\/p>\n<ul>\n<li>F\u00f6rderung des Sprachenlernens mit Hilfe von XR-Tools sowie die entsprechende Unterst\u00fctzung von Ausbildenden\/Sprachlehrpersonen zur Nutzung der Methoden\n<\/li>\n<li>Schaffung von Qualifikationsm\u00f6glichkeiten und Verbesserung des Zugangs zu Bildung f\u00fcr Frauen mit Migrationshintergrund\n<\/li>\n<li>St\u00e4rkung von Frauen mit Migrationshintergrund durch Bildung und den Einsatz von innovativen technologischen Werkzeugen\n<\/li>\n<\/ul>\n<\/div>\n<\/li>\n<li>\n<h3>\n<div class=\"uk-text-center\"><img decoding=\"async\" uk-svg=\"stroke-animation: true\" src=\"https:\/\/xrwomenproject.eu\/wp-content\/uploads\/2023\/03\/output-svg.svg\"\/><\/p>\n<h2 class=\"uk-h2\">Ergebnisse<\/h2>\n<\/div>\n<\/h3>\n<div>\n<p><b>Arbeitspaket 1 &#8211; Projektleitung:<\/b><span style=\"font-weight: 400;\"> Das Arbeitspaket 1 umfasst das Gesamtmanagement und die Koordination des Projekts.\u00a0<\/span><\/p>\n<p><b>Arbeitspaket 2 &#8211; Toolkit f\u00fcr die Nutzung von XR im Spracherwerb:<\/b><span style=\"font-weight: 400;\"> Dieses Arbeitspaket dreht sich um die Nutzung von XR-Technologien und wie diese das Sprachlernen von Frauen mit Migrationshintergrund st\u00e4rken k\u00f6nnen.<\/span><\/p>\n<p><b>Arbeitspaket 3 &#8211; Schulungsmaterial und Online-Lernraum:<\/b><span style=\"font-weight: 400;\"> Dieses Arbeitspaket zielt darauf ab, innovatives, qualitativ hochwertiges p\u00e4dagogisches Material bereit zu stellen.\u00a0<\/span><\/p>\n<p><b>Arbeitspaket 4 &#8211; Dissemination und Nachhaltigkeit:<\/b><span style=\"font-weight: 400;\"> Dieses Arbeitspaket hat zum Ziel, spezifischer Ergebnisse und Aktivit\u00e4ten zur Verbreitung von Projektaktivit\u00e4ten zu planen und durchzuf\u00fchren. <\/span><\/p>\n<\/div>\n<\/li>\n<li>\n<h3>\n<div class=\"uk-text-center\"><img decoding=\"async\" src=\"https:\/\/xrwomenproject.eu\/wp-content\/uploads\/2023\/03\/methodology.svg\"\/><\/p>\n<h2 class=\"uk-h2\">Methode<\/h2>\n<\/div>\n<\/h3>\n<div>Um die XRwomen-Methodik wird gemeinsam entwickelt. Dazu wird in jedem Partnerland eine detaillierte Recherche durchgef\u00fchrt. Die Recherche zeigt den aktuellen Stand in Bezug auf den Einsatz von XR in der Sprachausbildung auf. <\/p>\n<p>Im Projekt wird eine Sammlung von Best Practices, XR-Tools und Anwendungen aus den Partnerl\u00e4ndern erstellt.<br \/>\nDar\u00fcber hinaus werden Unterrichtspl\u00e4ne entwickelt und eine Liste von XR-Werkzeugen und -Anwendungen bereitgestellt.<br \/>\nAusserdem wird ein Toolkit erarbeitet, das die folgenden Abschnitte enth\u00e4lt: 1) XR-Methodik und -Rahmen, 2) Ergebnisse der Recherche aus den Partnerl\u00e4ndern, 3) Best Practices 4) Unterrichtspl\u00e4ne, 5) XR-Instrumente und -Anwendungen, 6) Spezifische Richtlinien f\u00fcr Sprachlehrpersonen, Ausbildende und Forschende 7) Schlussfolgerungen und Empfehlungen.\n<\/p><\/div>\n<\/li>\n<\/ul>\n<p><!--more--><br \/>\n<!-- {\"type\":\"layout\",\"children\":[{\"type\":\"section\",\"props\":{\"image_position\":\"center-center\",\"padding_remove_top\":true,\"style\":\"default\",\"title_breakpoint\":\"xl\",\"title_position\":\"top-left\",\"title_rotation\":\"left\",\"vertical_align\":\"middle\",\"width\":\"default\"},\"children\":[{\"type\":\"row\",\"children\":[{\"type\":\"column\",\"props\":{\"image_position\":\"center-center\",\"media_overlay_gradient\":\"\",\"position_sticky_breakpoint\":\"m\"},\"children\":[{\"type\":\"switcher\",\"props\":{\"class\":\"about-switcher\",\"content_column_breakpoint\":\"m\",\"image_align\":\"top\",\"image_grid_breakpoint\":\"m\",\"image_grid_width\":\"1-2\",\"image_svg_color\":\"emphasis\",\"link_style\":\"default\",\"link_text\":\"Read more\",\"margin\":\"default\",\"meta_align\":\"below-title\",\"meta_element\":\"div\",\"meta_style\":\"text-meta\",\"nav\":\"tab\",\"nav_align\":\"left\",\"nav_grid_breakpoint\":\"m\",\"nav_grid_width\":\"auto\",\"nav_position\":\"top\",\"show_content\":true,\"show_image\":true,\"show_label\":true,\"show_link\":true,\"show_meta\":true,\"show_thumbnail\":true,\"show_title\":false,\"switcher_animation\":\"fade\",\"switcher_height\":true,\"thumbnav_height\":\"75\",\"thumbnav_svg_color\":\"emphasis\",\"thumbnav_width\":\"100\",\"title_align\":\"top\",\"title_element\":\"h3\",\"title_grid_breakpoint\":\"m\",\"title_grid_width\":\"1-2\"},\"children\":[{\"type\":\"switcher_item\",\"props\":{\"content\":\"\n\n<p>Das Projekt hat zum Ziel, durch Sprachunterricht die Eingliederung von Frauen zu f\\u00f6rdern, die geringe Chancen auf allgemeine und berufliche Bildung haben. Das Projekt sieht die Sprache als  wichtiges Instrument zur sozialen Eingliederung in die Gesellschaft. \\n<\\\/p>\\n\n\n<p>Die technologischen Werkzeuge, die in XRwomen verwendet werden (z.B. Oculus), simulieren kommunikative Situationen. Die Nutzenden k\\u00f6nnen Erfahrungen in einer vollst\\u00e4ndig virtuellen Welt (VR), eine realit\\u00e4tsnahen Welt (AR) und einer VR und AR kombinierten Welt (MR) machen. Die Nutzenden werden in Situationen versetzt, in welchen sie eine neue Sprache \\u00fcben und anwenden k\\u00f6nnen.<\\\/p>\",\"title\":\"\n\n<div class=\\\"uk-text-center\\\"><img  src=\\\"https:\\\/\\\/xrwomenproject.eu\\\/wp-content\\\/uploads\\\/2023\\\/03\\\/overview.svg\\\"\\\/>\n\n<h2 class=\\\"uk-h2\\\">\\u00dcber das Projekt <\\\/h2><\\\/div>\"}},{\"type\":\"switcher_item\",\"props\":{\"content\":\"\n\n<p>Das Projekt soll folgenden Beitrag leisten: Integration von Personen mit Migrationshintergrund, F\\u00f6rderung der Gleichstellung, Nichtdiskriminierung sowie Verhinderung von Rassismus und Diskriminierung.<\\\/p>\\n\n\n<p>Die spezifischen Ziele des Projekts sind:<\\\/p>\\n\n\n<ul>\\n\n\n<li>F\\u00f6rderung des Sprachenlernens mit Hilfe von XR-Tools sowie die entsprechende Unterst\\u00fctzung von Ausbildenden\\\/Sprachlehrpersonen zur Nutzung der Methoden\\n<\\\/li>\\n\n\n<li>Schaffung von Qualifikationsm\\u00f6glichkeiten und Verbesserung des Zugangs zu Bildung f\\u00fcr Frauen mit Migrationshintergrund\\n<\\\/li>\\n\n\n<li>St\\u00e4rkung von Frauen mit Migrationshintergrund durch Bildung und den Einsatz von innovativen technologischen Werkzeugen\\n<\\\/li>\\n<\\\/ul>\",\"title\":\"\n\n<div class=\\\"uk-text-center\\\"><img src=\\\"https:\\\/\\\/xrwomenproject.eu\\\/wp-content\\\/uploads\\\/2023\\\/03\\\/specific-obj.svg\\\"\\\/>\n\n<h2 class=\\\"uk-h2\\\">Unsere Ziele<\\\/h2><\\\/div>\"}},{\"type\":\"switcher_item\",\"props\":{\"content\":\"\n\n<p><b>Arbeitspaket 1 - Projektleitung:<\\\/b><span style=\\\"font-weight: 400;\\\"> Das Arbeitspaket 1 umfasst das Gesamtmanagement und die Koordination des Projekts.\\u00a0<\\\/span><\\\/p>\\n\n\n<p><b>Arbeitspaket 2 - Toolkit f\\u00fcr die Nutzung von XR im Spracherwerb:<\\\/b><span style=\\\"font-weight: 400;\\\"> Dieses Arbeitspaket dreht sich um die Nutzung von XR-Technologien und wie diese das Sprachlernen von Frauen mit Migrationshintergrund st\\u00e4rken k\\u00f6nnen.<\\\/span><\\\/p>\\n\n\n<p><b>Arbeitspaket 3 - Schulungsmaterial und Online-Lernraum:<\\\/b><span style=\\\"font-weight: 400;\\\"> Dieses Arbeitspaket zielt darauf ab, innovatives, qualitativ hochwertiges p\\u00e4dagogisches Material bereit zu stellen.\\u00a0<\\\/span><\\\/p>\\n\n\n<p><b>Arbeitspaket 4 - Dissemination und Nachhaltigkeit:<\\\/b><span style=\\\"font-weight: 400;\\\"> Dieses Arbeitspaket hat zum Ziel, spezifischer Ergebnisse und Aktivit\\u00e4ten zur Verbreitung von Projektaktivit\\u00e4ten zu planen und durchzuf\\u00fchren. <\\\/span><\\\/p>\",\"title\":\"\n\n<div class=\\\"uk-text-center\\\"><img uk-svg=\\\"stroke-animation: true\\\" src=\\\"https:\\\/\\\/xrwomenproject.eu\\\/wp-content\\\/uploads\\\/2023\\\/03\\\/output-svg.svg\\\"\\\/>\n\n<h2 class=\\\"uk-h2\\\">Ergebnisse<\\\/h2><\\\/div>\"}},{\"type\":\"switcher_item\",\"props\":{\"content\":\"Um die XRwomen-Methodik wird gemeinsam entwickelt. Dazu wird in jedem Partnerland eine detaillierte Recherche durchgef\\u00fchrt. Die Recherche zeigt den aktuellen Stand in Bezug auf den Einsatz von XR in der Sprachausbildung auf. \\n\\nIm Projekt wird eine Sammlung von Best Practices, XR-Tools und Anwendungen aus den Partnerl\\u00e4ndern erstellt.\\nDar\\u00fcber hinaus werden Unterrichtspl\\u00e4ne entwickelt und eine Liste von XR-Werkzeugen und -Anwendungen bereitgestellt. \\nAusserdem wird ein Toolkit erarbeitet, das die folgenden Abschnitte enth\\u00e4lt: 1) XR-Methodik und -Rahmen, 2) Ergebnisse der Recherche aus den Partnerl\\u00e4ndern, 3) Best Practices 4) Unterrichtspl\\u00e4ne, 5) XR-Instrumente und -Anwendungen, 6) Spezifische Richtlinien f\\u00fcr Sprachlehrpersonen, Ausbildende und Forschende 7) Schlussfolgerungen und Empfehlungen.\\n\",\"title\":\"\n\n<div class=\\\"uk-text-center\\\"><img src=\\\"https:\\\/\\\/xrwomenproject.eu\\\/wp-content\\\/uploads\\\/2023\\\/03\\\/methodology.svg\\\"\\\/>\n\n<h2 class=\\\"uk-h2\\\">Methode<\\\/h2><\\\/div>\"}}]}]}]}]}],\"version\":\"3.0.20\"} --><\/p>\n","protected":false},"excerpt":{"rendered":"<p>\u00dcber das Projekt Das Projekt hat zum Ziel, durch Sprachunterricht die Eingliederung von Frauen zu f\u00f6rdern, die geringe Chancen auf allgemeine und berufliche Bildung haben&#8230;<\/p>\n","protected":false},"author":1,"featured_media":0,"parent":0,"menu_order":0,"comment_status":"closed","ping_status":"closed","template":"","meta":{"_acf_changed":false,"inline_featured_image":false,"footnotes":""},"class_list":["post-2019","page","type-page","status-publish","hentry"],"acf":[],"_links":{"self":[{"href":"https:\/\/xrwomenproject.eu\/de\/wp-json\/wp\/v2\/pages\/2019","targetHints":{"allow":["GET"]}}],"collection":[{"href":"https:\/\/xrwomenproject.eu\/de\/wp-json\/wp\/v2\/pages"}],"about":[{"href":"https:\/\/xrwomenproject.eu\/de\/wp-json\/wp\/v2\/types\/page"}],"author":[{"embeddable":true,"href":"https:\/\/xrwomenproject.eu\/de\/wp-json\/wp\/v2\/users\/1"}],"replies":[{"embeddable":true,"href":"https:\/\/xrwomenproject.eu\/de\/wp-json\/wp\/v2\/comments?post=2019"}],"version-history":[{"count":8,"href":"https:\/\/xrwomenproject.eu\/de\/wp-json\/wp\/v2\/pages\/2019\/revisions"}],"predecessor-version":[{"id":2762,"href":"https:\/\/xrwomenproject.eu\/de\/wp-json\/wp\/v2\/pages\/2019\/revisions\/2762"}],"wp:attachment":[{"href":"https:\/\/xrwomenproject.eu\/de\/wp-json\/wp\/v2\/media?parent=2019"}],"curies":[{"name":"wp","href":"https:\/\/api.w.org\/{rel}","templated":true}]}}