{"id":2033,"date":"2022-03-21T06:09:31","date_gmt":"2022-03-21T06:09:31","guid":{"rendered":"https:\/\/xrwomenproject.eu\/partners\/"},"modified":"2025-01-28T14:22:13","modified_gmt":"2025-01-28T14:22:13","slug":"partners","status":"publish","type":"page","link":"https:\/\/xrwomenproject.eu\/de\/partners\/","title":{"rendered":"Partner"},"content":{"rendered":"<ul>\n<li>\n<p>        <img decoding=\"async\" src=\"\/wp-content\/uploads\/2023\/08\/uoa.png\" alt=\"\"><\/p>\n<p> <a class=\"uk-button uk-button-text\" href=\"https:\/\/www.aegean.edu\/\" >https:\/\/www.aegean.edu\/<\/a><\/p>\n<div>Die University of Aegean (UAegean) wurde 1984 mit dem Ziel gegr\u00fcndet, neue Ans\u00e4tze in der Hochschulbildung in Griechenland und weltweit einzuf\u00fchren und die regionale Entwicklung zu f\u00f6rdern. Auf sechs malerischen Inseln im \u00c4g\u00e4ischen Archipel bietet die UAegean ein einzigartiges Umfeld f\u00fcr die Hochschulbildung. Sie hat mehr als 16.000 Studierende, mehr als 2.100 Doktoranden, mehr als 350 Lehrkr\u00e4fte und mehr als 250 Verwaltungsmitarbeitende. In weniger als dreissig Jahren hat sich die UAegean zu einer internationalen forschungsorientierten Universit\u00e4t entwickelt. UAegen bietet 18 BA oder BSc und 40 MA oder MSc Programme an.<\/div>\n<\/li>\n<li>\n<p>        <img decoding=\"async\" src=\"\/wp-content\/uploads\/2023\/08\/motiondigital_ONLINE-05_edited.webp\" alt=\"\"><\/p>\n<p> <a class=\"uk-button uk-button-text\" href=\"https:\/\/www.motion-digital.eu\/\" >https:\/\/www.motion-digital.eu\/<\/a><\/p>\n<div>\n<p><b>SEMwell and Motion Digital<\/b><span style=\"font-weight: 400;\"> ist ein seit 2019 in der Tschechischen Republik eingetragenes Unternehmen. Das Ziel des Unternehmens ist, sich in den Bereichen Technologie, Jugend und Bildung in der Tschechischen Republik und der Europ\u00e4ischen Union zu positionieren.\u00a0<\/span><\/p>\n<p><span style=\"font-weight: 400;\">Die Vision des Unternehmens ist es, durch den Einsatz von Technologie und digitalen Innovationen die Bev\u00f6lkerung zu st\u00e4rken. Das Mission des Unternehmens ist es, ein entsprechendes \u00d6kosystem zu schaffen.\u00a0<\/span><\/p>\n<p><span style=\"font-weight: 400;\">Dazu unterst\u00fctzt SEMwell Akteure aus der Zivilgesellschaft, Jugendarbeitende und Jugendclubs dabei, sich in ihren lokalen Gemeinschaften aktiv zu engagieren. Zu Fachgebiet von SEMwell geh\u00f6rt:<\/span><\/p>\n<p><span style=\"font-weight: 400;\">&#8211; Wohlbefinden und Achtsamkeit<\/span><\/p>\n<p><span style=\"font-weight: 400;\">&#8211; Sozial-emotionales Lernen<\/span><\/p>\n<p><span style=\"font-weight: 400;\">&#8211; Soziale Gerechtigkeit &#8211; Bek\u00e4mpfung von Stigmatisierung und sozialen Vorurteilen<\/span><\/p>\n<p><span style=\"font-weight: 400;\">SEMwell arbeitet mit anderen Organisationen und Bildungseinrichtungen mit \u00e4hnlichen Visionen zusammen, beispielsweise in internationalen Projekten von Erasmus+ .<\/span><\/p>\n<p><span style=\"font-weight: 400;\">Das Unternehmen hat derzeit vier Mitarbeitende, die sowohl Projektkoordinatoren als auch Expertinnen in den Bereichen Jugendarbeit, Wohlbefinden, Resilienz, Achtsamkeit und sozial-emotionalen Lernen sind. Ausserdem arbeitet das Unternehmen eng mit lokalen externen Experten aus den Bereichen Psychologie, P\u00e4dagogik, Sozialarbeit und digitalem Lernen zusammen.<\/span><\/p>\n<p><span style=\"font-weight: 400;\">Die Universit\u00e4t f\u00fcr Geistes- und Wirtschaftswissenschaften in Lodz (AHE) ist eine akkreditierte Hochschuleinrichtung, die neben den traditionellen Universit\u00e4tsstudieng\u00e4ngen (BA, MA, MSc, PHD) auch Kurse f\u00fcr verschiedene Zielgruppen &#8211; wie beispielsweise erwachsene Arbeitslose, Migranten, benachteiligte Jugendliche &#8211; anbietet. Die AHE hat 23 Fakult\u00e4ten und bietet eine gro\u00dfe Auswahl an F\u00e4chern, \u00fcber 100 Kurse, davon 5 in englischer Sprache. Die Lehrpl\u00e4ne der Kurse werden st\u00e4ndig aktualisiert. Unser Personal umfasst ca. 200 Mitarbeitende: Forschende, Dozierende, Ausbildende und Verwaltungspersonal in verschiedenen Bereichen. Die Hochschule konzentriert sich auf Bildungsforschung, innovative Lehrmethoden und E-Learning.\u00a0<\/span><\/p>\n<\/div>\n<\/li>\n<li>\n<p>        <img decoding=\"async\" src=\"\/wp-content\/uploads\/2023\/08\/akademiahel.png\" alt=\"\"><\/p>\n<p> <a class=\"uk-button uk-button-text\" href=\"https:\/\/www.ahe.lodz.pl\/en\" >https:\/\/www.ahe.lodz.pl<\/a><\/p>\n<div>\n<p>Die Hochschule f\u00fcr Geistes- und Wirtschaftswissenschaften in Lodz (AHE) ist eine akkreditierte Hochschuleinrichtung, die neben den traditionellen Universit\u00e4tsstudieng\u00e4ngen (BA, MA, MSc, PHD) auch Postgraduiertenstudieng\u00e4nge und Kurse f\u00fcr verschiedene Zielgruppen anbietet, darunter erwachsene Arbeitslose, Migranten, benachteiligte Jugendliche, arbeitslose Jugendliche, Studenten, Behinderte, Senioren, Lehrpersonen, Ausbildende, Menschen aus verschiedenen Berufen. Die AHE hat 23 Fakult\u00e4ten und bietet eine gro\u00dfe Auswahl an F\u00e4chern, \u00fcber 100 Kurse, davon 5 in englischer Sprache. Die Lehrpl\u00e4ne der Kurse werden st\u00e4ndig entsprechend der Marktnachfrage aktualisiert. Unser Personal umfasst ca. 200 fest angestellte Mitarbeitende: Forschendde, Lehrkr\u00e4fte, Ausbildende, unterst\u00fctzendes Personal (Finanz-, Verwaltungs- und technisches Personal), Spezialistinnen und Experten in verschiedenen Bereichen. Die Hochschule konzentriert sich auf Bildungsforschung, innovative Lehrmethoden und E-Learning. Die AHE ist eine Akademie f\u00fcr moderne Technologien und verf\u00fcgt \u00fcber ein professionell ausgestattetes Verlagshaus, ein Fernsehstudio, ein technologisches Gr\u00fcnderzentrum, eine Klinik und eine Druckerei sowie die gr\u00f6\u00dfte frei zug\u00e4ngliche Bibliothek unter den nicht-\u00f6ffentlichen Schulen der Region.<\/p>\n<\/div>\n<\/li>\n<li>\n<p>        <img decoding=\"async\" src=\"\/wp-content\/uploads\/2023\/03\/cardet-l-1.svg\" alt=\"\"><\/p>\n<p> <a class=\"uk-button uk-button-text\" href=\"https:\/\/cardet.org\" >www.cardet.org<\/a><\/p>\n<div>\n<p><span>CARDET ist das f\u00fchrende Forschungs- und Entwicklungszentrum im Mittelmeerraum mit globaler Expertise im Bereich Erwachsenenbildung mit Sitz in Zypern. CARDET ist mit Universit\u00e4ten und Institutionen aus der ganzen Welt verbunden. Das Team hat k\u00fcrzlich in Zusammenarbeit mit der EAEA die Strategie f\u00fcr lebenslanges Lernen 2021-2027 f\u00fcr Zypern entwickelt und dabei mehrere Ministerien, Regierungsstellen, Sozialpartner sowie \u00f6ffentliche und private Interessengruppen einbezogen.<\/span><\/p>\n<\/div>\n<\/li>\n<li>\n<p>        <img decoding=\"async\" src=\"\/wp-content\/uploads\/2023\/12\/logo-sveb.png\" alt=\"\"><\/p>\n<h3> <a class=\"uk-button uk-button-text\" href=\"https:\/\/alice.ch\/en\/\" >www.alice.ch<\/a><\/h3>\n<div>\n<p><span>Der SVEB ist der nationale Dachverband der Weiterbildung in der Schweiz und agiert als Fach- und Interessenverband. Der SVEB ist mit Gesch\u00e4ftsstellen in allen drei Sprachregionen vertreten. Zudem f\u00fchrt der SVEB die Gesch\u00e4ftsstelle f\u00fcr das das nationale Weiterbildungssystem AdA und ist verantwortlich f\u00fcr eduQua, das nationale Qualit\u00e4tslabel f\u00fcr Anbieter in der Erwachsenenbildung.<\/span><\/p>\n<\/div>\n<\/li>\n<\/ul>\n<p><!--more--><br \/>\n<!-- {\"type\":\"layout\",\"children\":[{\"type\":\"section\",\"props\":{\"image_position\":\"center-center\",\"padding_remove_top\":true,\"style\":\"default\",\"title_breakpoint\":\"xl\",\"title_position\":\"top-left\",\"title_rotation\":\"left\",\"vertical_align\":\"middle\",\"width\":\"default\"},\"children\":[{\"type\":\"row\",\"children\":[{\"type\":\"column\",\"props\":{\"image_position\":\"center-center\",\"media_overlay_gradient\":\"\",\"position_sticky_breakpoint\":\"m\"},\"children\":[{\"type\":\"panel-slider\",\"props\":{\"class\":\"partner-slid\",\"content_column_breakpoint\":\"m\",\"icon_width\":80,\"image_align\":\"top\",\"image_grid_breakpoint\":\"m\",\"image_grid_width\":\"1-2\",\"image_svg_color\":\"emphasis\",\"link_style\":\"text\",\"link_text\":\"Read more\",\"margin\":\"default\",\"meta_align\":\"below-title\",\"meta_element\":\"div\",\"meta_style\":\"text-meta\",\"nav\":\"dotnav\",\"nav_align\":\"center\",\"nav_breakpoint\":\"\",\"panel_card_match\":true,\"show_content\":true,\"show_image\":true,\"show_link\":true,\"show_meta\":true,\"show_title\":true,\"slidenav\":\"outside\",\"slidenav_breakpoint\":\"l\",\"slidenav_large\":true,\"slidenav_margin\":\"medium\",\"slidenav_outside_breakpoint\":\"l\",\"slider_autoplay_pause\":true,\"slider_gap\":\"default\",\"slider_width\":\"fixed\",\"slider_width_default\":\"1-1\",\"slider_width_large\":\"1-1\",\"slider_width_medium\":\"1-1\",\"slider_width_small\":\"1-1\",\"slider_width_xlarge\":\"1-1\",\"title_align\":\"top\",\"title_element\":\"h3\",\"title_grid_breakpoint\":\"m\",\"title_grid_width\":\"1-2\",\"title_hover_style\":\"reset\"},\"children\":[{\"type\":\"panel-slider_item\",\"props\":{\"content\":\"Die University of Aegean (UAegean) wurde 1984 mit dem Ziel gegr\\u00fcndet, neue Ans\\u00e4tze in der Hochschulbildung in Griechenland und weltweit einzuf\\u00fchren und die regionale Entwicklung zu f\\u00f6rdern. Auf sechs malerischen Inseln im \\u00c4g\\u00e4ischen Archipel bietet die UAegean ein einzigartiges Umfeld f\\u00fcr die Hochschulbildung. Sie hat mehr als 16.000 Studierende, mehr als 2.100 Doktoranden, mehr als 350 Lehrkr\\u00e4fte und mehr als 250 Verwaltungsmitarbeitende. In weniger als dreissig Jahren hat sich die UAegean zu einer internationalen forschungsorientierten Universit\\u00e4t entwickelt. UAegen bietet 18 BA oder BSc und 40 MA oder MSc Programme an.\",\"image\":\"wp-content\\\/uploads\\\/2023\\\/08\\\/uoa.png\",\"link\":\"\",\"link_text\":\"www.cardet.org\",\"meta\":\" <a class=\\\"uk-button uk-button-text\\\" href=\\\"https:\\\/\\\/www.aegean.edu\\\/\\\" >https:\\\/\\\/www.aegean.edu\\\/<\\\/a>\"}},{\"type\":\"panel-slider_item\",\"props\":{\"content\":\"\n\n<p><b>SEMwell and Motion Digital<\\\/b><span style=\\\"font-weight: 400;\\\"> ist ein seit 2019 in der Tschechischen Republik eingetragenes Unternehmen. Das Ziel des Unternehmens ist, sich in den Bereichen Technologie, Jugend und Bildung in der Tschechischen Republik und der Europ\\u00e4ischen Union zu positionieren.\\u00a0<\\\/span><\\\/p>\\n\n\n<p><span style=\\\"font-weight: 400;\\\">Die Vision des Unternehmens ist es, durch den Einsatz von Technologie und digitalen Innovationen die Bev\\u00f6lkerung zu st\\u00e4rken. Das Mission des Unternehmens ist es, ein entsprechendes \\u00d6kosystem zu schaffen.\\u00a0<\\\/span><\\\/p>\\n\n\n<p><span style=\\\"font-weight: 400;\\\">Dazu unterst\\u00fctzt SEMwell Akteure aus der Zivilgesellschaft, Jugendarbeitende und Jugendclubs dabei, sich in ihren lokalen Gemeinschaften aktiv zu engagieren. Zu Fachgebiet von SEMwell geh\\u00f6rt:<\\\/span><\\\/p>\\n\n\n<p><span style=\\\"font-weight: 400;\\\">- Wohlbefinden und Achtsamkeit<\\\/span><\\\/p>\\n\n\n<p><span style=\\\"font-weight: 400;\\\">- Sozial-emotionales Lernen<\\\/span><\\\/p>\\n\n\n<p><span style=\\\"font-weight: 400;\\\">- Soziale Gerechtigkeit - Bek\\u00e4mpfung von Stigmatisierung und sozialen Vorurteilen<\\\/span><\\\/p>\\n\n\n<p><span style=\\\"font-weight: 400;\\\">SEMwell arbeitet mit anderen Organisationen und Bildungseinrichtungen mit \\u00e4hnlichen Visionen zusammen, beispielsweise in internationalen Projekten von Erasmus+ .<\\\/span><\\\/p>\\n\n\n<p><span style=\\\"font-weight: 400;\\\">Das Unternehmen hat derzeit vier Mitarbeitende, die sowohl Projektkoordinatoren als auch Expertinnen in den Bereichen Jugendarbeit, Wohlbefinden, Resilienz, Achtsamkeit und sozial-emotionalen Lernen sind. Ausserdem arbeitet das Unternehmen eng mit lokalen externen Experten aus den Bereichen Psychologie, P\\u00e4dagogik, Sozialarbeit und digitalem Lernen zusammen.<\\\/span><\\\/p>\\n\n\n<p><span style=\\\"font-weight: 400;\\\">Die Universit\\u00e4t f\\u00fcr Geistes- und Wirtschaftswissenschaften in Lodz (AHE) ist eine akkreditierte Hochschuleinrichtung, die neben den traditionellen Universit\\u00e4tsstudieng\\u00e4ngen (BA, MA, MSc, PHD) auch Kurse f\\u00fcr verschiedene Zielgruppen - wie beispielsweise erwachsene Arbeitslose, Migranten, benachteiligte Jugendliche - anbietet. Die AHE hat 23 Fakult\\u00e4ten und bietet eine gro\\u00dfe Auswahl an F\\u00e4chern, \\u00fcber 100 Kurse, davon 5 in englischer Sprache. Die Lehrpl\\u00e4ne der Kurse werden st\\u00e4ndig aktualisiert. Unser Personal umfasst ca. 200 Mitarbeitende: Forschende, Dozierende, Ausbildende und Verwaltungspersonal in verschiedenen Bereichen. Die Hochschule konzentriert sich auf Bildungsforschung, innovative Lehrmethoden und E-Learning.\\u00a0<\\\/span><\\\/p>\",\"image\":\"wp-content\\\/uploads\\\/2023\\\/08\\\/motiondigital_ONLINE-05_edited.webp\",\"link\":\"\",\"link_text\":\"www.cardet.org\",\"meta\":\" <a class=\\\"uk-button uk-button-text\\\" href=\\\"https:\\\/\\\/www.motion-digital.eu\\\/\\\" >https:\\\/\\\/www.motion-digital.eu\\\/<\\\/a>\"}},{\"type\":\"panel-slider_item\",\"props\":{\"content\":\"\n\n<p>Die Hochschule f\\u00fcr Geistes- und Wirtschaftswissenschaften in Lodz (AHE) ist eine akkreditierte Hochschuleinrichtung, die neben den traditionellen Universit\\u00e4tsstudieng\\u00e4ngen (BA, MA, MSc, PHD) auch Postgraduiertenstudieng\\u00e4nge und Kurse f\\u00fcr verschiedene Zielgruppen anbietet, darunter erwachsene Arbeitslose, Migranten, benachteiligte Jugendliche, arbeitslose Jugendliche, Studenten, Behinderte, Senioren, Lehrpersonen, Ausbildende, Menschen aus verschiedenen Berufen. Die AHE hat 23 Fakult\\u00e4ten und bietet eine gro\\u00dfe Auswahl an F\\u00e4chern, \\u00fcber 100 Kurse, davon 5 in englischer Sprache. Die Lehrpl\\u00e4ne der Kurse werden st\\u00e4ndig entsprechend der Marktnachfrage aktualisiert. Unser Personal umfasst ca. 200 fest angestellte Mitarbeitende: Forschendde, Lehrkr\\u00e4fte, Ausbildende, unterst\\u00fctzendes Personal (Finanz-, Verwaltungs- und technisches Personal), Spezialistinnen und Experten in verschiedenen Bereichen. Die Hochschule konzentriert sich auf Bildungsforschung, innovative Lehrmethoden und E-Learning. Die AHE ist eine Akademie f\\u00fcr moderne Technologien und verf\\u00fcgt \\u00fcber ein professionell ausgestattetes Verlagshaus, ein Fernsehstudio, ein technologisches Gr\\u00fcnderzentrum, eine Klinik und eine Druckerei sowie die gr\\u00f6\\u00dfte frei zug\\u00e4ngliche Bibliothek unter den nicht-\\u00f6ffentlichen Schulen der Region.<\\\/p>\",\"image\":\"wp-content\\\/uploads\\\/2023\\\/08\\\/akademiahel.png\",\"link\":\"\",\"link_text\":\"www.cardet.org\",\"meta\":\" <a class=\\\"uk-button uk-button-text\\\" href=\\\"https:\\\/\\\/www.ahe.lodz.pl\\\/en\\\" >https:\\\/\\\/www.ahe.lodz.pl<\\\/a>\"}},{\"type\":\"panel-slider_item\",\"props\":{\"content\":\"\n\n<p><span>CARDET ist das f\\u00fchrende Forschungs- und Entwicklungszentrum im Mittelmeerraum mit globaler Expertise im Bereich Erwachsenenbildung mit Sitz in Zypern. CARDET ist mit Universit\\u00e4ten und Institutionen aus der ganzen Welt verbunden. Das Team hat k\\u00fcrzlich in Zusammenarbeit mit der EAEA die Strategie f\\u00fcr lebenslanges Lernen 2021-2027 f\\u00fcr Zypern entwickelt und dabei mehrere Ministerien, Regierungsstellen, Sozialpartner sowie \\u00f6ffentliche und private Interessengruppen einbezogen.<\\\/span><\\\/p>\",\"image\":\"wp-content\\\/uploads\\\/2023\\\/03\\\/cardet-l-1.svg\",\"link\":\"\",\"link_text\":\"www.cardet.org\",\"meta\":\" <a class=\\\"uk-button uk-button-text\\\" href=\\\"https:\\\/\\\/cardet.org\\\" >www.cardet.org<\\\/a>\"}},{\"type\":\"panel-slider_item\",\"props\":{\"content\":\"\n\n<p><span>Der SVEB ist der nationale Dachverband der Weiterbildung in der Schweiz und agiert als Fach- und Interessenverband. Der SVEB ist mit Gesch\\u00e4ftsstellen in allen drei Sprachregionen vertreten. Zudem f\\u00fchrt der SVEB die Gesch\\u00e4ftsstelle f\\u00fcr das das nationale Weiterbildungssystem AdA und ist verantwortlich f\\u00fcr eduQua, das nationale Qualit\\u00e4tslabel f\\u00fcr Anbieter in der Erwachsenenbildung.<\\\/span><\\\/p>\",\"image\":\"wp-content\\\/uploads\\\/2023\\\/12\\\/logo-sveb.png\",\"title\":\" <a class=\\\"uk-button uk-button-text\\\" href=\\\"https:\\\/\\\/alice.ch\\\/en\\\/\\\" >www.alice.ch<\\\/a>\"}}]}]}]}]}],\"version\":\"3.0.20\"} --><\/p>\n","protected":false},"excerpt":{"rendered":"<p>https:\/\/www.aegean.edu\/ Die University of Aegean (UAegean) wurde 1984 mit dem Ziel gegr\u00fcndet, neue Ans\u00e4tze in der Hochschulbildung in Griechenland und weltweit einzuf\u00fchren und die regionale..<\/p>\n","protected":false},"author":1,"featured_media":0,"parent":0,"menu_order":0,"comment_status":"closed","ping_status":"closed","template":"","meta":{"_acf_changed":false,"inline_featured_image":false,"footnotes":""},"class_list":["post-2033","page","type-page","status-publish","hentry"],"acf":[],"_links":{"self":[{"href":"https:\/\/xrwomenproject.eu\/de\/wp-json\/wp\/v2\/pages\/2033","targetHints":{"allow":["GET"]}}],"collection":[{"href":"https:\/\/xrwomenproject.eu\/de\/wp-json\/wp\/v2\/pages"}],"about":[{"href":"https:\/\/xrwomenproject.eu\/de\/wp-json\/wp\/v2\/types\/page"}],"author":[{"embeddable":true,"href":"https:\/\/xrwomenproject.eu\/de\/wp-json\/wp\/v2\/users\/1"}],"replies":[{"embeddable":true,"href":"https:\/\/xrwomenproject.eu\/de\/wp-json\/wp\/v2\/comments?post=2033"}],"version-history":[{"count":6,"href":"https:\/\/xrwomenproject.eu\/de\/wp-json\/wp\/v2\/pages\/2033\/revisions"}],"predecessor-version":[{"id":2760,"href":"https:\/\/xrwomenproject.eu\/de\/wp-json\/wp\/v2\/pages\/2033\/revisions\/2760"}],"wp:attachment":[{"href":"https:\/\/xrwomenproject.eu\/de\/wp-json\/wp\/v2\/media?parent=2033"}],"curies":[{"name":"wp","href":"https:\/\/api.w.org\/{rel}","templated":true}]}}