{"id":2280,"date":"2022-02-24T14:11:37","date_gmt":"2022-02-24T14:11:37","guid":{"rendered":"https:\/\/xrwomenproject.eu\/about\/"},"modified":"2023-12-20T10:01:00","modified_gmt":"2023-12-20T10:01:00","slug":"about","status":"publish","type":"page","link":"https:\/\/xrwomenproject.eu\/pl\/about\/","title":{"rendered":"Informacje"},"content":{"rendered":"<ul>\n<li>\n<h3>\n<div class=\"uk-text-center\"><img decoding=\"async\"  src=\"https:\/\/xrwomenproject.eu\/wp-content\/uploads\/2023\/03\/overview.svg\"\/><\/p>\n<h2 class=\"uk-h2\">Przegl\u0105d<br \/>projektu <\/h2>\n<\/div>\n<\/h3>\n<div>\n<p>Projekt jest w pe\u0142ni zgodny z priorytetem w\u0142\u0105czenia spo\u0142ecznego, poniewa\u017c jego celem jest promowanie w\u0142\u0105czenia spo\u0142ecznego i aktywnego uczestnictwa kobiet zidentyfikowanych jako cele w edukacji i szkoleniach. Najpot\u0119\u017cniejszym narz\u0119dziem integracji spo\u0142ecznej w spo\u0142ecze\u0144stwie i spo\u0142eczno\u015bci jest j\u0119zyk. Lepsze zrozumienie tego, jak si\u0119 uczymy i jak dostosowujemy nasze emocje poprzez j\u0119zyk, jest bardzo wa\u017cne, gdy uczymy si\u0119 drugiego j\u0119zyka.<\/p>\n<p><span>Narz\u0119dzia technologiczne u\u017cywane w XRwomen (np. Oculus) oferuj\u0105 mo\u017cliwo\u015b\u0107 symulowania sytuacji komunikacyjnych i radzenia sobie z emocjami za pomoc\u0105 j\u0119zyka. Wykorzystanie narz\u0119dzi technologicznych XR ma na celu zaoferowanie do\u015bwiadcze\u0144 ca\u0142kowicie wirtualnego \u015bwiata (VR), bliskiego do\u015bwiadczenia rzeczywisto\u015bci (AR) oraz mieszanego do\u015bwiadczenia VR i rzeczywisto\u015bci (MR). Narz\u0119dzia te b\u0119d\u0105 wykorzystywane do oferowania szkole\u0144 poprzez umieszczenie u\u017cytkownika w okre\u015blonym kontek\u015bcie komunikacyjnym i oferowanie mo\u017cliwo\u015bci komunikowania si\u0119, przeformu\u0142owania, poprawiania i uczenia si\u0119 przez ca\u0142e do\u015bwiadczenie.<\/span><\/p>\n<\/div>\n<\/li>\n<li>\n<h3>\n<div class=\"uk-text-center\"><img decoding=\"async\" src=\"https:\/\/xrwomenproject.eu\/wp-content\/uploads\/2023\/03\/specific-obj.svg\"\/><\/p>\n<h2 class=\"uk-h2\">Cele <br \/>szczeg\u00f3\u0142owe<\/h2>\n<\/div>\n<\/h3>\n<div>\n<p>Trzy cele szczeg\u00f3\u0142owe s\u0105 bezpo\u015brednio zwi\u0105zane z priorytetami projektu i przyczyniaj\u0105 si\u0119 do obszar\u00f3w integracji, promowania r\u00f3wno\u015bci i niedyskryminacji, zapobiegania rasizmowi i dyskryminacji, przyjmowania oraz integracji uchod\u017ac\u00f3w i migrant\u00f3w.<\/p>\n<p><span>Cele szczeg\u00f3\u0142owe projektu s\u0105 nast\u0119puj\u0105ce:<\/span><\/p>\n<ul>\n<li>Promowanie nauki j\u0119zyk\u00f3w obcych w celu komunikacji za pomoc\u0105 narz\u0119dzi XR na rzecz w\u0142\u0105czenia, zaanga\u017cowania obywatelskiego i uczestnictwa oraz wspieranie nauczycieli doros\u0142ych \/ nauczycieli j\u0119zyk\u00f3w obcych w doskonaleniu ich praktyk nauczania<\/li>\n<li>Tworzenie \u015bcie\u017cek podnoszenia kwalifikacji i poprawa dost\u0119pno\u015bci edukacji dla uchod\u017aczy\u0144 i kobiet z mniejszymi szansami.<\/li>\n<li>Wzmocnienie pozycji uchod\u017aczy\u0144 i kobiet z mniejszymi szansami poprzez edukacj\u0119 i wykorzystanie innowacyjnych narz\u0119dzi technologicznych.<\/li>\n<\/ul>\n<\/div>\n<\/li>\n<li>\n<h3>\n<div class=\"uk-text-center\"><img decoding=\"async\" uk-svg=\"stroke-animation: true\" src=\"https:\/\/xrwomenproject.eu\/wp-content\/uploads\/2023\/03\/output-svg.svg\"\/><\/p>\n<h2 class=\"uk-h2\">Wyniki <\/h2>\n<\/div>\n<\/h3>\n<div>\n<p><b>Pakiet roboczy 1 &#8211; Zarz\u0105dzanie projektem: <\/b>WP1 b\u0119dzie obejmowa\u0142 og\u00f3lne zarz\u0105dzanie i koordynacj\u0119 projektu, w tym zarz\u0105dzanie finansami.<\/p>\n<p><b>Pakiet roboczy 2 &#8211; Zestaw narz\u0119dzi do integracji XR w nauce j\u0119zyk\u00f3w obcych: <\/b><span>Ten pakiet roboczy b\u0119dzie odnosi\u0142 si\u0119 do pierwszego og\u00f3lnego celu promowania nauki j\u0119zyk\u00f3w obcych w celu wzmocnienia pozycji kobiet uchod\u017ac\u00f3w i kobiet o mniejszych szansach poprzez narz\u0119dzia, aplikacje i metodologie XR.<\/span><\/p>\n<p><b>Pakiet roboczy 3 &#8211; Materia\u0142y szkoleniowe i przestrze\u0144 edukacyjna online: <\/b><span>Ten pakiet roboczy ma na celu zaprojektowanie i opracowanie innowacyjnych, wysokiej jako\u015bci materia\u0142\u00f3w pedagogicznych i zasob\u00f3w poprzez modu\u0142y, w celu promowania nauki j\u0119zyk\u00f3w obcych w okre\u015blonych sytuacjach komunikacyjnych.<\/span><\/p>\n<p><b>Pakiet roboczy 4 &#8211; Rozpowszechnianie i zr\u00f3wnowa\u017cony rozw\u00f3j: <\/b><span>Ten pakiet roboczy odnosi si\u0119 do opracowania konkretnych rezultat\u00f3w i dzia\u0142a\u0144, kt\u00f3re maj\u0105 na celu dzielenie si\u0119 wynikami projektu w celu zwi\u0119kszenia uczestnictwa, wykorzystania i trwa\u0142ego u\u017cytkowania.<\/span><\/p>\n<\/div>\n<\/li>\n<li>\n<h3>\n<div class=\"uk-text-center\"><img decoding=\"async\" src=\"https:\/\/xrwomenproject.eu\/wp-content\/uploads\/2023\/03\/methodology.svg\"\/><\/p>\n<h2 class=\"uk-h2\">Metodologia <\/h2>\n<\/div>\n<\/h3>\n<div>\n<p>W celu opracowania metodologii XRwomen w ka\u017cdym kraju partnerskim zostan\u0105 przeprowadzone szczeg\u00f3\u0142owe badania \u017ar\u00f3de\u0142 wt\u00f3rnych. Badania \u017ar\u00f3d\u0142owe podkre\u015bl\u0105 aktualny stan wiedzy w ka\u017cdym kraju w zakresie wykorzystania XR w edukacji j\u0119zykowej, stosowanych metod nauczania i podej\u015b\u0107. Ponadto przeprowadzone zostan\u0105 badania terenowe.\u00a0<\/p>\n<p><span>Zbi\u00f3r najlepszych praktyk, narz\u0119dzi i aplikacji XR z kraj\u00f3w partnerskich, kt\u00f3re b\u0119d\u0105 koncentrowa\u0107 si\u0119 na skutecznym wykorzystaniu XR w rzeczywistych \u015brodowiskach uczenia si\u0119 j\u0119zyk\u00f3w, zostanie r\u00f3wnie\u017c uko\u0144czony w trakcie trwania projektu.<\/span><\/p>\n<p><span>Ponadto opracowane zostan\u0105 plany lekcji oraz lista narz\u0119dzi i aplikacji XR. Lista b\u0119dzie zawiera\u0107 wa\u017cne informacje na temat ka\u017cdego narz\u0119dzia\/aplikacji, w jaki spos\u00f3b praktycy mog\u0105 w\u0142\u0105czy\u0107 je do swojego nauczania.<\/span><\/p>\n<p><span>Ponadto stworzony zostanie zestaw narz\u0119dzi, kt\u00f3ry b\u0119dzie zawiera\u0142 nast\u0119puj\u0105ce sekcje: 1) Metodologia i ramy XR, 2) Wyniki bada\u0144 \u017ar\u00f3de\u0142 wt\u00f3rnych i terenowych w ka\u017cdym kraju partnerskim, 3) Najlepsze praktyki, 4) Plany lekcji, 5) Narz\u0119dzia i aplikacje XR, 6) Szczeg\u00f3\u0142owe wytyczne dla nauczycieli j\u0119zyk\u00f3w obcych\/badaczy\/trener\u00f3w, 7) Wnioski i zalecenia.<\/span><\/p>\n<\/div>\n<\/li>\n<\/ul>\n<p><!--more--><br \/>\n<!-- {\"type\":\"layout\",\"children\":[{\"type\":\"section\",\"props\":{\"image_position\":\"center-center\",\"padding_remove_top\":true,\"style\":\"default\",\"title_breakpoint\":\"xl\",\"title_position\":\"top-left\",\"title_rotation\":\"left\",\"vertical_align\":\"middle\",\"width\":\"default\"},\"children\":[{\"type\":\"row\",\"children\":[{\"type\":\"column\",\"props\":{\"image_position\":\"center-center\",\"media_overlay_gradient\":\"\",\"position_sticky_breakpoint\":\"m\"},\"children\":[{\"type\":\"switcher\",\"props\":{\"class\":\"about-switcher\",\"content_column_breakpoint\":\"m\",\"image_align\":\"top\",\"image_grid_breakpoint\":\"m\",\"image_grid_width\":\"1-2\",\"image_svg_color\":\"emphasis\",\"link_style\":\"default\",\"link_text\":\"Read more\",\"margin\":\"default\",\"meta_align\":\"below-title\",\"meta_element\":\"div\",\"meta_style\":\"text-meta\",\"nav\":\"tab\",\"nav_align\":\"left\",\"nav_grid_breakpoint\":\"m\",\"nav_grid_width\":\"auto\",\"nav_position\":\"top\",\"show_content\":true,\"show_image\":true,\"show_label\":true,\"show_link\":true,\"show_meta\":true,\"show_thumbnail\":true,\"show_title\":false,\"switcher_animation\":\"fade\",\"switcher_height\":true,\"thumbnav_height\":\"75\",\"thumbnav_svg_color\":\"emphasis\",\"thumbnav_width\":\"100\",\"title_align\":\"top\",\"title_element\":\"h3\",\"title_grid_breakpoint\":\"m\",\"title_grid_width\":\"1-2\"},\"children\":[{\"type\":\"switcher_item\",\"props\":{\"content\":\"\n\n<p>Projekt jest w pe\\u0142ni zgodny z priorytetem w\\u0142\\u0105czenia spo\\u0142ecznego, poniewa\\u017c jego celem jest promowanie w\\u0142\\u0105czenia spo\\u0142ecznego i aktywnego uczestnictwa kobiet zidentyfikowanych jako cele w edukacji i szkoleniach. Najpot\\u0119\\u017cniejszym narz\\u0119dziem integracji spo\\u0142ecznej w spo\\u0142ecze\\u0144stwie i spo\\u0142eczno\\u015bci jest j\\u0119zyk. Lepsze zrozumienie tego, jak si\\u0119 uczymy i jak dostosowujemy nasze emocje poprzez j\\u0119zyk, jest bardzo wa\\u017cne, gdy uczymy si\\u0119 drugiego j\\u0119zyka.<\\\/p>\\n\n\n<p><span>Narz\\u0119dzia technologiczne u\\u017cywane w XRwomen (np. Oculus) oferuj\\u0105 mo\\u017cliwo\\u015b\\u0107 symulowania sytuacji komunikacyjnych i radzenia sobie z emocjami za pomoc\\u0105 j\\u0119zyka. Wykorzystanie narz\\u0119dzi technologicznych XR ma na celu zaoferowanie do\\u015bwiadcze\\u0144 ca\\u0142kowicie wirtualnego \\u015bwiata (VR), bliskiego do\\u015bwiadczenia rzeczywisto\\u015bci (AR) oraz mieszanego do\\u015bwiadczenia VR i rzeczywisto\\u015bci (MR). Narz\\u0119dzia te b\\u0119d\\u0105 wykorzystywane do oferowania szkole\\u0144 poprzez umieszczenie u\\u017cytkownika w okre\\u015blonym kontek\\u015bcie komunikacyjnym i oferowanie mo\\u017cliwo\\u015bci komunikowania si\\u0119, przeformu\\u0142owania, poprawiania i uczenia si\\u0119 przez ca\\u0142e do\\u015bwiadczenie.<\\\/span><\\\/p>\",\"title\":\"\n\n<div class=\\\"uk-text-center\\\"><img  src=\\\"https:\\\/\\\/xrwomenproject.eu\\\/wp-content\\\/uploads\\\/2023\\\/03\\\/overview.svg\\\"\\\/>\n\n<h2 class=\\\"uk-h2\\\">Przegl\\u0105d<br \/>projektu <\\\/h2><\\\/div>\"}},{\"type\":\"switcher_item\",\"props\":{\"content\":\"\n\n<p>Trzy cele szczeg\\u00f3\\u0142owe s\\u0105 bezpo\\u015brednio zwi\\u0105zane z priorytetami projektu i przyczyniaj\\u0105 si\\u0119 do obszar\\u00f3w integracji, promowania r\\u00f3wno\\u015bci i niedyskryminacji, zapobiegania rasizmowi i dyskryminacji, przyjmowania oraz integracji uchod\\u017ac\\u00f3w i migrant\\u00f3w.<\\\/p>\\n\n\n<p><span>Cele szczeg\\u00f3\\u0142owe projektu s\\u0105 nast\\u0119puj\\u0105ce:<\\\/span><\\\/p>\\n\n\n<ul>\\n\n\n<li>Promowanie nauki j\\u0119zyk\\u00f3w obcych w celu komunikacji za pomoc\\u0105 narz\\u0119dzi XR na rzecz w\\u0142\\u0105czenia, zaanga\\u017cowania obywatelskiego i uczestnictwa oraz wspieranie nauczycieli doros\\u0142ych \\\/ nauczycieli j\\u0119zyk\\u00f3w obcych w doskonaleniu ich praktyk nauczania<\\\/li>\\n\n\n<li>Tworzenie \\u015bcie\\u017cek podnoszenia kwalifikacji i poprawa dost\\u0119pno\\u015bci edukacji dla uchod\\u017aczy\\u0144 i kobiet z mniejszymi szansami.<\\\/li>\\n\n\n<li>Wzmocnienie pozycji uchod\\u017aczy\\u0144 i kobiet z mniejszymi szansami poprzez edukacj\\u0119 i wykorzystanie innowacyjnych narz\\u0119dzi technologicznych.<\\\/li>\\n<\\\/ul>\",\"title\":\"\n\n<div class=\\\"uk-text-center\\\"><img src=\\\"https:\\\/\\\/xrwomenproject.eu\\\/wp-content\\\/uploads\\\/2023\\\/03\\\/specific-obj.svg\\\"\\\/>\n\n<h2 class=\\\"uk-h2\\\">Cele <br \/>szczeg\\u00f3\\u0142owe<\\\/h2><\\\/div>\"}},{\"type\":\"switcher_item\",\"props\":{\"content\":\"\n\n<p><b>Pakiet roboczy 1 - Zarz\\u0105dzanie projektem: <\\\/b>WP1 b\\u0119dzie obejmowa\\u0142 og\\u00f3lne zarz\\u0105dzanie i koordynacj\\u0119 projektu, w tym zarz\\u0105dzanie finansami.<\\\/p>\\n\n\n<p><b>Pakiet roboczy 2 - Zestaw narz\\u0119dzi do integracji XR w nauce j\\u0119zyk\\u00f3w obcych: <\\\/b><span>Ten pakiet roboczy b\\u0119dzie odnosi\\u0142 si\\u0119 do pierwszego og\\u00f3lnego celu promowania nauki j\\u0119zyk\\u00f3w obcych w celu wzmocnienia pozycji kobiet uchod\\u017ac\\u00f3w i kobiet o mniejszych szansach poprzez narz\\u0119dzia, aplikacje i metodologie XR.<\\\/span><\\\/p>\\n\n\n<p><b>Pakiet roboczy 3 - Materia\\u0142y szkoleniowe i przestrze\\u0144 edukacyjna online: <\\\/b><span>Ten pakiet roboczy ma na celu zaprojektowanie i opracowanie innowacyjnych, wysokiej jako\\u015bci materia\\u0142\\u00f3w pedagogicznych i zasob\\u00f3w poprzez modu\\u0142y, w celu promowania nauki j\\u0119zyk\\u00f3w obcych w okre\\u015blonych sytuacjach komunikacyjnych.<\\\/span><\\\/p>\\n\n\n<p><b>Pakiet roboczy 4 - Rozpowszechnianie i zr\\u00f3wnowa\\u017cony rozw\\u00f3j: <\\\/b><span>Ten pakiet roboczy odnosi si\\u0119 do opracowania konkretnych rezultat\\u00f3w i dzia\\u0142a\\u0144, kt\\u00f3re maj\\u0105 na celu dzielenie si\\u0119 wynikami projektu w celu zwi\\u0119kszenia uczestnictwa, wykorzystania i trwa\\u0142ego u\\u017cytkowania.<\\\/span><\\\/p>\",\"title\":\"\n\n<div class=\\\"uk-text-center\\\"><img uk-svg=\\\"stroke-animation: true\\\" src=\\\"https:\\\/\\\/xrwomenproject.eu\\\/wp-content\\\/uploads\\\/2023\\\/03\\\/output-svg.svg\\\"\\\/>\n\n<h2 class=\\\"uk-h2\\\">Wyniki <\\\/h2><\\\/div>\"}},{\"type\":\"switcher_item\",\"props\":{\"content\":\"\n\n<p>W celu opracowania metodologii XRwomen w ka\\u017cdym kraju partnerskim zostan\\u0105 przeprowadzone szczeg\\u00f3\\u0142owe badania \\u017ar\\u00f3de\\u0142 wt\\u00f3rnych. Badania \\u017ar\\u00f3d\\u0142owe podkre\\u015bl\\u0105 aktualny stan wiedzy w ka\\u017cdym kraju w zakresie wykorzystania XR w edukacji j\\u0119zykowej, stosowanych metod nauczania i podej\\u015b\\u0107. Ponadto przeprowadzone zostan\\u0105 badania terenowe.\\u00a0<\\\/p>\\n\n\n<p><span>Zbi\\u00f3r najlepszych praktyk, narz\\u0119dzi i aplikacji XR z kraj\\u00f3w partnerskich, kt\\u00f3re b\\u0119d\\u0105 koncentrowa\\u0107 si\\u0119 na skutecznym wykorzystaniu XR w rzeczywistych \\u015brodowiskach uczenia si\\u0119 j\\u0119zyk\\u00f3w, zostanie r\\u00f3wnie\\u017c uko\\u0144czony w trakcie trwania projektu.<\\\/span><\\\/p>\\n\n\n<p><span>Ponadto opracowane zostan\\u0105 plany lekcji oraz lista narz\\u0119dzi i aplikacji XR. Lista b\\u0119dzie zawiera\\u0107 wa\\u017cne informacje na temat ka\\u017cdego narz\\u0119dzia\\\/aplikacji, w jaki spos\\u00f3b praktycy mog\\u0105 w\\u0142\\u0105czy\\u0107 je do swojego nauczania.<\\\/span><\\\/p>\\n\n\n<p><span>Ponadto stworzony zostanie zestaw narz\\u0119dzi, kt\\u00f3ry b\\u0119dzie zawiera\\u0142 nast\\u0119puj\\u0105ce sekcje: 1) Metodologia i ramy XR, 2) Wyniki bada\\u0144 \\u017ar\\u00f3de\\u0142 wt\\u00f3rnych i terenowych w ka\\u017cdym kraju partnerskim, 3) Najlepsze praktyki, 4) Plany lekcji, 5) Narz\\u0119dzia i aplikacje XR, 6) Szczeg\\u00f3\\u0142owe wytyczne dla nauczycieli j\\u0119zyk\\u00f3w obcych\\\/badaczy\\\/trener\\u00f3w, 7) Wnioski i zalecenia.<\\\/span><\\\/p>\",\"title\":\"\n\n<div class=\\\"uk-text-center\\\"><img src=\\\"https:\\\/\\\/xrwomenproject.eu\\\/wp-content\\\/uploads\\\/2023\\\/03\\\/methodology.svg\\\"\\\/>\n\n<h2 class=\\\"uk-h2\\\">Metodologia <\\\/h2><\\\/div>\"}}]}]}]}]}],\"version\":\"3.0.20\"} --><\/p>\n","protected":false},"excerpt":{"rendered":"<p>Przegl\u0105dprojektu Projekt jest w pe\u0142ni zgodny z priorytetem w\u0142\u0105czenia spo\u0142ecznego, poniewa\u017c jego celem jest promowanie w\u0142\u0105czenia spo\u0142ecznego i aktywnego uczestnictwa kobiet zidentyfikowanych jako cele w..<\/p>\n","protected":false},"author":1,"featured_media":0,"parent":0,"menu_order":0,"comment_status":"closed","ping_status":"closed","template":"","meta":{"_acf_changed":false,"inline_featured_image":false,"footnotes":""},"class_list":["post-2280","page","type-page","status-publish","hentry"],"acf":[],"_links":{"self":[{"href":"https:\/\/xrwomenproject.eu\/pl\/wp-json\/wp\/v2\/pages\/2280","targetHints":{"allow":["GET"]}}],"collection":[{"href":"https:\/\/xrwomenproject.eu\/pl\/wp-json\/wp\/v2\/pages"}],"about":[{"href":"https:\/\/xrwomenproject.eu\/pl\/wp-json\/wp\/v2\/types\/page"}],"author":[{"embeddable":true,"href":"https:\/\/xrwomenproject.eu\/pl\/wp-json\/wp\/v2\/users\/1"}],"replies":[{"embeddable":true,"href":"https:\/\/xrwomenproject.eu\/pl\/wp-json\/wp\/v2\/comments?post=2280"}],"version-history":[{"count":2,"href":"https:\/\/xrwomenproject.eu\/pl\/wp-json\/wp\/v2\/pages\/2280\/revisions"}],"predecessor-version":[{"id":2299,"href":"https:\/\/xrwomenproject.eu\/pl\/wp-json\/wp\/v2\/pages\/2280\/revisions\/2299"}],"wp:attachment":[{"href":"https:\/\/xrwomenproject.eu\/pl\/wp-json\/wp\/v2\/media?parent=2280"}],"curies":[{"name":"wp","href":"https:\/\/api.w.org\/{rel}","templated":true}]}}