{"id":2281,"date":"2022-03-21T06:09:31","date_gmt":"2022-03-21T06:09:31","guid":{"rendered":"https:\/\/xrwomenproject.eu\/partners\/"},"modified":"2023-12-20T10:02:20","modified_gmt":"2023-12-20T10:02:20","slug":"partners","status":"publish","type":"page","link":"https:\/\/xrwomenproject.eu\/pl\/partners\/","title":{"rendered":"Wzmacniacz"},"content":{"rendered":"<ul>\n<li>\n<p>        <img decoding=\"async\" src=\"\/wp-content\/uploads\/2023\/08\/uoa.png\" alt=\"\"><\/p>\n<p> <a class=\"uk-button uk-button-text\" href=\"https:\/\/www.aegean.edu\/\" >https:\/\/www.aegean.edu\/<\/a><\/p>\n<div>\n<p><span>Uniwersytet Egejski (UAegean) zosta\u0142 za\u0142o\u017cony w 1984 r. w celu wprowadzenia nowego podej\u015bcia do szkolnictwa wy\u017cszego w Grecji i na \u015bwiecie oraz promowania rozwoju regionalnego. Po\u0142o\u017cony na 6 malowniczych wyspach Archipelagu Egejskiego, UAegean oferuje unikalne \u015brodowisko naturalne, kulturowe i ludzkie dla nowoczesnych studi\u00f3w w staro\u017cytnej kolebce wiedzy. Uniwersytet liczy ponad 16 000 student\u00f3w studi\u00f3w licencjackich, ponad 2 100 student\u00f3w studi\u00f3w podyplomowych, ponad 350 pracownik\u00f3w dydaktycznych i ponad 250 pracownik\u00f3w administracyjnych. W ci\u0105gu niespe\u0142na trzydziestu lat UAegean przekszta\u0142ci\u0142 si\u0119 w mi\u0119dzynarodowy uniwersytet zorientowany na badania, oferuj\u0105cy 18 program\u00f3w licencjackich (BA lub BSc) i 40 program\u00f3w podyplomowych (MA lub MSc) w nowoczesnych interdyscyplinarnych obszarach tematycznych.<\/span><\/p>\n<\/div>\n<\/li>\n<li>\n<p>        <img decoding=\"async\" src=\"\/wp-content\/uploads\/2023\/08\/motiondigital_ONLINE-05_edited.webp\" alt=\"\"><\/p>\n<p> <a class=\"uk-button uk-button-text\" href=\"https:\/\/www.motion-digital.eu\/\" >https:\/\/www.motion-digital.eu\/<\/a><\/p>\n<div>\n<p><span>SEMwell and Motion Digital jest sp\u00f3\u0142k\u0105 zarejestrowan\u0105 w Czechach od 2019 roku. Chcemy sta\u0107 si\u0119 jedn\u0105 z wiod\u0105cych firm w dziedzinie technologii, m\u0142odzie\u017cy i edukacji w Czechach i Unii Europejskiej. Nasz\u0105 misj\u0105 jest wzbogacanie \u017cycia ludzi w zr\u00f3wnowa\u017conym \u015brodowisku poprzez technologi\u0119, wyk\u0142adniczy wzrost i rozw\u00f3j cz\u0142owieka. Naszym g\u0142\u00f3wnym celem jest umo\u017cliwienie osobom ucz\u0105cym si\u0119 przez ca\u0142e \u017cycie przej\u0119cie kontroli nad swoim \u017cyciem i wprowadzenie zmian systemowych, kt\u00f3re poprawi\u0105 jako\u015b\u0107 \u017cycia.<\/span><span><\/span><\/p>\n<p><span>Nasz\u0105 wizj\u0105 jest osi\u0105gni\u0119cie wyk\u0142adniczego wzrostu w rozwoju cz\u0142owieka poprzez wykorzystanie technologii i innowacji cyfrowych. Wierzymy, \u017ce mo\u017cemy odegra\u0107 du\u017c\u0105 rol\u0119 w umo\u017cliwianiu i wzmacnianiu innowator\u00f3w, aby stworzy\u0107 mo\u017cliwo\u015bci osi\u0105gni\u0119cia tego celu w zr\u00f3wnowa\u017conym ekosystemie.<\/span><span><\/span><\/p>\n<p><span>Wsp\u00f3\u0142pracujemy z innymi organizacjami i instytucjami edukacyjnymi w Europie o podobnej wizji. Pracujemy razem nad mi\u0119dzynarodowymi projektami finansowanymi przez Erasmus+. Naszym celem jest wspieranie organizacji, spo\u0142ecze\u0144stwa obywatelskiego, os\u00f3b pracuj\u0105cych z m\u0142odzie\u017c\u0105 i klub\u00f3w m\u0142odzie\u017cowych w aktywnym rzecznictwie w ich lokalnych spo\u0142eczno\u015bciach. Nasze obszary specjalizacji obejmuj\u0105<\/span><span><\/span><\/p>\n<ul>\n<li>Dobre samopoczucie i uwa\u017cno\u015b\u0107<\/li>\n<li>Uczenie si\u0119 spo\u0142eczno-emocjonalne<\/li>\n<li>Sprawiedliwo\u015b\u0107 spo\u0142eczna &#8211; zwalczanie stygmatyzacji i uprzedze\u0144 spo\u0142ecznych.<\/li>\n<\/ul>\n<p><span>Obecnie zatrudniamy czterech pracownik\u00f3w, kt\u00f3rzy s\u0105 koordynatorami projekt\u00f3w, a tak\u017ce ekspertami w dziedzinie pracy z m\u0142odzie\u017c\u0105, dobrego samopoczucia, odporno\u015bci, uwa\u017cno\u015bci i uczenia si\u0119 spo\u0142eczno-emocjonalnego. \u015aci\u015ble wsp\u00f3\u0142pracujemy r\u00f3wnie\u017c z lokalnymi ekspertami zewn\u0119trznymi w dziedzinie psychologii, edukacji, pracy socjalnej i edukacji cyfrowej.<br \/><\/span><\/p>\n<\/div>\n<\/li>\n<li>\n<p>        <img decoding=\"async\" src=\"\/wp-content\/uploads\/2023\/08\/akademiahel.png\" alt=\"\"><\/p>\n<p> <a class=\"uk-button uk-button-text\" href=\"https:\/\/www.ahe.lodz.pl\/en\" >https:\/\/www.ahe.lodz.pl<\/a><\/p>\n<div>\n<p>Akademia Humanistyczno-Ekonomiczna w \u0141odzi (AHE) jest akredytowan\u0105 instytucj\u0105 szkolnictwa wy\u017cszego, kt\u00f3ra opr\u00f3cz tradycyjnych program\u00f3w uniwersyteckich (licencjat, magister, doktorat) oferuje r\u00f3wnie\u017c studia podyplomowe i kursy dla r\u00f3\u017cnych grup docelowych, w tym doros\u0142ych bezrobotnych poszukuj\u0105cych pracy, migrant\u00f3w, m\u0142odzie\u017cy defaworyzowanej, bezrobotnej m\u0142odzie\u017cy, student\u00f3w, os\u00f3b niepe\u0142nosprawnych, senior\u00f3w, nauczycieli, trener\u00f3w, os\u00f3b r\u00f3\u017cnych zawod\u00f3w. AHE posiada 23 wydzia\u0142y i oferuje szeroki wyb\u00f3r przedmiot\u00f3w, ponad 100 kurs\u00f3w, w tym 5 w j\u0119zyku angielskim. Programy kurs\u00f3w s\u0105 stale aktualizowane zgodnie z wymaganiami rynku. Nasza kadra obejmuje oko\u0142o 200 sta\u0142ych pracownik\u00f3w: naukowc\u00f3w, nauczycieli, trener\u00f3w, personel pomocniczy (personel finansowy, administracyjny, techniczny), specjalist\u00f3w i ekspert\u00f3w z r\u00f3\u017cnych dziedzin. Uczelnia koncentruje si\u0119 na badaniach edukacyjnych, innowacyjnych metodach nauczania i e-learningu. AHE to uczelnia nowoczesnych technologii, posiadaj\u0105ca profesjonalnie wyposa\u017cone wydawnictwo, wsp\u00f3\u0142pracuj\u0105ca ze studiem telewizyjnym, inkubatorem technologicznym, klinik\u0105 i drukarni\u0105, a tak\u017ce najwi\u0119ksz\u0105 &#8211; w\u015br\u00f3d szk\u00f3\u0142 niepublicznych w regionie &#8211; bibliotek\u0119 z wolnym dost\u0119pem.<\/p>\n<\/div>\n<\/li>\n<li>\n<p>        <img decoding=\"async\" src=\"\/wp-content\/uploads\/2023\/03\/cardet-l-1.svg\" alt=\"\"><\/p>\n<p> <a class=\"uk-button uk-button-text\" href=\"https:\/\/cardet.org\" >www.cardet.org<\/a><\/p>\n<div>\n<p>CARDET jest wiod\u0105cym o\u015brodkiem badawczo-rozwojowym w regionie Morza \u015ar\u00f3dziemnego, posiadaj\u0105cym globaln\u0105 wiedz\u0119 specjalistyczn\u0105 w zakresie edukacji doros\u0142ych, nauki j\u0119zyk\u00f3w obcych, umiej\u0119tno\u015bci cyfrowych, integracji i budowania potencja\u0142u. Jako najwi\u0119kszy niezale\u017cny o\u015brodek non-profit z siedzib\u0105 na Cyprze, CARDET jest niezale\u017cnie powi\u0105zany z uniwersytetami i instytucjami z ca\u0142ego \u015bwiata, takimi jak Uniwersytet Yale, Uniwersytet w Nikozji i Mi\u0119dzynarodowa Rada Medi\u00f3w Edukacyjnych. Nasz zesp\u00f3\u0142, we wsp\u00f3\u0142pracy z EAEA, opracowa\u0142 niedawno strategi\u0119 uczenia si\u0119 przez ca\u0142e \u017cycie na lata 2021-2027 dla Cypru, anga\u017cuj\u0105c kilka ministerstw, agencji rz\u0105dowych, partner\u00f3w spo\u0142ecznych oraz interesariuszy publicznych i prywatnych.<\/p>\n<\/div>\n<\/li>\n<li>\n<p>        <img decoding=\"async\" src=\"\/wp-content\/uploads\/2023\/12\/logo-sveb.png\" alt=\"\"><\/p>\n<p> <a class=\"uk-button uk-button-text\" href=\"https:\/\/alice.ch\/en\/\" >www.alice.ch<\/a><\/p>\n<div>\n<p>SVEB jest szwajcarsk\u0105 krajow\u0105 organizacj\u0105 parasolow\u0105 zajmuj\u0105c\u0105 si\u0119 kszta\u0142ceniem doros\u0142ych i dzia\u0142a jako stowarzyszenie zawodowe i grupa interes\u00f3w. Jeste\u015bmy reprezentowani przez biura we wszystkich trzech regionach j\u0119zykowych. Ponadto zarz\u0105dzamy r\u00f3wnie\u017c krajowym i jeste\u015bmy odpowiedzialni za eduQua, krajowy znak jako\u015bci dla dostawc\u00f3w us\u0142ug kszta\u0142cenia doros\u0142ych. dla dostawc\u00f3w us\u0142ug kszta\u0142cenia doros\u0142ych. Nasze biura we w\u0142osko- i francuskoj\u0119zycznej Szwajcarii s\u0105 aktywnie wspierane przez sieci regionalne.<\/p>\n<\/div>\n<\/li>\n<\/ul>\n<p><!--more--><br \/>\n<!-- {\"type\":\"layout\",\"children\":[{\"type\":\"section\",\"props\":{\"image_position\":\"center-center\",\"padding_remove_top\":true,\"style\":\"default\",\"title_breakpoint\":\"xl\",\"title_position\":\"top-left\",\"title_rotation\":\"left\",\"vertical_align\":\"middle\",\"width\":\"default\"},\"children\":[{\"type\":\"row\",\"children\":[{\"type\":\"column\",\"props\":{\"image_position\":\"center-center\",\"media_overlay_gradient\":\"\",\"position_sticky_breakpoint\":\"m\"},\"children\":[{\"type\":\"panel-slider\",\"props\":{\"class\":\"partner-slid\",\"content_column_breakpoint\":\"m\",\"icon_width\":80,\"image_align\":\"top\",\"image_grid_breakpoint\":\"m\",\"image_grid_width\":\"1-2\",\"image_svg_color\":\"emphasis\",\"link_style\":\"text\",\"link_text\":\"Read more\",\"margin\":\"default\",\"meta_align\":\"below-title\",\"meta_element\":\"div\",\"meta_style\":\"text-meta\",\"nav\":\"dotnav\",\"nav_align\":\"center\",\"nav_breakpoint\":\"\",\"panel_card_match\":true,\"show_content\":true,\"show_image\":true,\"show_link\":true,\"show_meta\":true,\"show_title\":true,\"slidenav\":\"outside\",\"slidenav_breakpoint\":\"l\",\"slidenav_large\":true,\"slidenav_margin\":\"medium\",\"slidenav_outside_breakpoint\":\"l\",\"slider_autoplay_pause\":true,\"slider_gap\":\"default\",\"slider_width\":\"fixed\",\"slider_width_default\":\"1-1\",\"slider_width_large\":\"1-1\",\"slider_width_medium\":\"1-1\",\"slider_width_small\":\"1-1\",\"slider_width_xlarge\":\"1-1\",\"title_align\":\"top\",\"title_element\":\"h3\",\"title_grid_breakpoint\":\"m\",\"title_grid_width\":\"1-2\",\"title_hover_style\":\"reset\"},\"children\":[{\"type\":\"panel-slider_item\",\"props\":{\"content\":\"\n\n<p><span>Uniwersytet Egejski (UAegean) zosta\\u0142 za\\u0142o\\u017cony w 1984 r. w celu wprowadzenia nowego podej\\u015bcia do szkolnictwa wy\\u017cszego w Grecji i na \\u015bwiecie oraz promowania rozwoju regionalnego. Po\\u0142o\\u017cony na 6 malowniczych wyspach Archipelagu Egejskiego, UAegean oferuje unikalne \\u015brodowisko naturalne, kulturowe i ludzkie dla nowoczesnych studi\\u00f3w w staro\\u017cytnej kolebce wiedzy. Uniwersytet liczy ponad 16 000 student\\u00f3w studi\\u00f3w licencjackich, ponad 2 100 student\\u00f3w studi\\u00f3w podyplomowych, ponad 350 pracownik\\u00f3w dydaktycznych i ponad 250 pracownik\\u00f3w administracyjnych. W ci\\u0105gu niespe\\u0142na trzydziestu lat UAegean przekszta\\u0142ci\\u0142 si\\u0119 w mi\\u0119dzynarodowy uniwersytet zorientowany na badania, oferuj\\u0105cy 18 program\\u00f3w licencjackich (BA lub BSc) i 40 program\\u00f3w podyplomowych (MA lub MSc) w nowoczesnych interdyscyplinarnych obszarach tematycznych.<\\\/span><\\\/p>\",\"image\":\"wp-content\\\/uploads\\\/2023\\\/08\\\/uoa.png\",\"link\":\"\",\"link_text\":\"www.cardet.org\",\"meta\":\" <a class=\\\"uk-button uk-button-text\\\" href=\\\"https:\\\/\\\/www.aegean.edu\\\/\\\" >https:\\\/\\\/www.aegean.edu\\\/<\\\/a>\"}},{\"type\":\"panel-slider_item\",\"props\":{\"content\":\"\n\n<p><span>SEMwell and Motion Digital jest sp\\u00f3\\u0142k\\u0105 zarejestrowan\\u0105 w Czechach od 2019 roku. Chcemy sta\\u0107 si\\u0119 jedn\\u0105 z wiod\\u0105cych firm w dziedzinie technologii, m\\u0142odzie\\u017cy i edukacji w Czechach i Unii Europejskiej. Nasz\\u0105 misj\\u0105 jest wzbogacanie \\u017cycia ludzi w zr\\u00f3wnowa\\u017conym \\u015brodowisku poprzez technologi\\u0119, wyk\\u0142adniczy wzrost i rozw\\u00f3j cz\\u0142owieka. Naszym g\\u0142\\u00f3wnym celem jest umo\\u017cliwienie osobom ucz\\u0105cym si\\u0119 przez ca\\u0142e \\u017cycie przej\\u0119cie kontroli nad swoim \\u017cyciem i wprowadzenie zmian systemowych, kt\\u00f3re poprawi\\u0105 jako\\u015b\\u0107 \\u017cycia.<\\\/span><span><\\\/span><\\\/p>\\n\n\n<p><span>Nasz\\u0105 wizj\\u0105 jest osi\\u0105gni\\u0119cie wyk\\u0142adniczego wzrostu w rozwoju cz\\u0142owieka poprzez wykorzystanie technologii i innowacji cyfrowych. Wierzymy, \\u017ce mo\\u017cemy odegra\\u0107 du\\u017c\\u0105 rol\\u0119 w umo\\u017cliwianiu i wzmacnianiu innowator\\u00f3w, aby stworzy\\u0107 mo\\u017cliwo\\u015bci osi\\u0105gni\\u0119cia tego celu w zr\\u00f3wnowa\\u017conym ekosystemie.<\\\/span><span><\\\/span><\\\/p>\\n\n\n<p><span>Wsp\\u00f3\\u0142pracujemy z innymi organizacjami i instytucjami edukacyjnymi w Europie o podobnej wizji. Pracujemy razem nad mi\\u0119dzynarodowymi projektami finansowanymi przez Erasmus+. Naszym celem jest wspieranie organizacji, spo\\u0142ecze\\u0144stwa obywatelskiego, os\\u00f3b pracuj\\u0105cych z m\\u0142odzie\\u017c\\u0105 i klub\\u00f3w m\\u0142odzie\\u017cowych w aktywnym rzecznictwie w ich lokalnych spo\\u0142eczno\\u015bciach. Nasze obszary specjalizacji obejmuj\\u0105<\\\/span><span><\\\/span><\\\/p>\\n\n\n<ul>\\n\n\n<li>Dobre samopoczucie i uwa\\u017cno\\u015b\\u0107<\\\/li>\\n\n\n<li>Uczenie si\\u0119 spo\\u0142eczno-emocjonalne<\\\/li>\\n\n\n<li>Sprawiedliwo\\u015b\\u0107 spo\\u0142eczna - zwalczanie stygmatyzacji i uprzedze\\u0144 spo\\u0142ecznych.<\\\/li>\\n<\\\/ul>\\n\n\n<p><span>Obecnie zatrudniamy czterech pracownik\\u00f3w, kt\\u00f3rzy s\\u0105 koordynatorami projekt\\u00f3w, a tak\\u017ce ekspertami w dziedzinie pracy z m\\u0142odzie\\u017c\\u0105, dobrego samopoczucia, odporno\\u015bci, uwa\\u017cno\\u015bci i uczenia si\\u0119 spo\\u0142eczno-emocjonalnego. \\u015aci\\u015ble wsp\\u00f3\\u0142pracujemy r\\u00f3wnie\\u017c z lokalnymi ekspertami zewn\\u0119trznymi w dziedzinie psychologii, edukacji, pracy socjalnej i edukacji cyfrowej.<br \\\/><\\\/span><\\\/p>\",\"image\":\"wp-content\\\/uploads\\\/2023\\\/08\\\/motiondigital_ONLINE-05_edited.webp\",\"link\":\"\",\"link_text\":\"www.cardet.org\",\"meta\":\" <a class=\\\"uk-button uk-button-text\\\" href=\\\"https:\\\/\\\/www.motion-digital.eu\\\/\\\" >https:\\\/\\\/www.motion-digital.eu\\\/<\\\/a>\"}},{\"type\":\"panel-slider_item\",\"props\":{\"content\":\"\n\n<p>Akademia Humanistyczno-Ekonomiczna w \\u0141odzi (AHE) jest akredytowan\\u0105 instytucj\\u0105 szkolnictwa wy\\u017cszego, kt\\u00f3ra opr\\u00f3cz tradycyjnych program\\u00f3w uniwersyteckich (licencjat, magister, doktorat) oferuje r\\u00f3wnie\\u017c studia podyplomowe i kursy dla r\\u00f3\\u017cnych grup docelowych, w tym doros\\u0142ych bezrobotnych poszukuj\\u0105cych pracy, migrant\\u00f3w, m\\u0142odzie\\u017cy defaworyzowanej, bezrobotnej m\\u0142odzie\\u017cy, student\\u00f3w, os\\u00f3b niepe\\u0142nosprawnych, senior\\u00f3w, nauczycieli, trener\\u00f3w, os\\u00f3b r\\u00f3\\u017cnych zawod\\u00f3w. AHE posiada 23 wydzia\\u0142y i oferuje szeroki wyb\\u00f3r przedmiot\\u00f3w, ponad 100 kurs\\u00f3w, w tym 5 w j\\u0119zyku angielskim. Programy kurs\\u00f3w s\\u0105 stale aktualizowane zgodnie z wymaganiami rynku. Nasza kadra obejmuje oko\\u0142o 200 sta\\u0142ych pracownik\\u00f3w: naukowc\\u00f3w, nauczycieli, trener\\u00f3w, personel pomocniczy (personel finansowy, administracyjny, techniczny), specjalist\\u00f3w i ekspert\\u00f3w z r\\u00f3\\u017cnych dziedzin. Uczelnia koncentruje si\\u0119 na badaniach edukacyjnych, innowacyjnych metodach nauczania i e-learningu. AHE to uczelnia nowoczesnych technologii, posiadaj\\u0105ca profesjonalnie wyposa\\u017cone wydawnictwo, wsp\\u00f3\\u0142pracuj\\u0105ca ze studiem telewizyjnym, inkubatorem technologicznym, klinik\\u0105 i drukarni\\u0105, a tak\\u017ce najwi\\u0119ksz\\u0105 - w\\u015br\\u00f3d szk\\u00f3\\u0142 niepublicznych w regionie - bibliotek\\u0119 z wolnym dost\\u0119pem.<\\\/p>\",\"image\":\"wp-content\\\/uploads\\\/2023\\\/08\\\/akademiahel.png\",\"link\":\"\",\"link_text\":\"www.cardet.org\",\"meta\":\" <a class=\\\"uk-button uk-button-text\\\" href=\\\"https:\\\/\\\/www.ahe.lodz.pl\\\/en\\\" >https:\\\/\\\/www.ahe.lodz.pl<\\\/a>\"}},{\"type\":\"panel-slider_item\",\"props\":{\"content\":\"\n\n<p>CARDET jest wiod\\u0105cym o\\u015brodkiem badawczo-rozwojowym w regionie Morza \\u015ar\\u00f3dziemnego, posiadaj\\u0105cym globaln\\u0105 wiedz\\u0119 specjalistyczn\\u0105 w zakresie edukacji doros\\u0142ych, nauki j\\u0119zyk\\u00f3w obcych, umiej\\u0119tno\\u015bci cyfrowych, integracji i budowania potencja\\u0142u. Jako najwi\\u0119kszy niezale\\u017cny o\\u015brodek non-profit z siedzib\\u0105 na Cyprze, CARDET jest niezale\\u017cnie powi\\u0105zany z uniwersytetami i instytucjami z ca\\u0142ego \\u015bwiata, takimi jak Uniwersytet Yale, Uniwersytet w Nikozji i Mi\\u0119dzynarodowa Rada Medi\\u00f3w Edukacyjnych. Nasz zesp\\u00f3\\u0142, we wsp\\u00f3\\u0142pracy z EAEA, opracowa\\u0142 niedawno strategi\\u0119 uczenia si\\u0119 przez ca\\u0142e \\u017cycie na lata 2021-2027 dla Cypru, anga\\u017cuj\\u0105c kilka ministerstw, agencji rz\\u0105dowych, partner\\u00f3w spo\\u0142ecznych oraz interesariuszy publicznych i prywatnych.<\\\/p>\",\"image\":\"wp-content\\\/uploads\\\/2023\\\/03\\\/cardet-l-1.svg\",\"link\":\"\",\"link_text\":\"www.cardet.org\",\"meta\":\" <a class=\\\"uk-button uk-button-text\\\" href=\\\"https:\\\/\\\/cardet.org\\\" >www.cardet.org<\\\/a>\"}},{\"type\":\"panel-slider_item\",\"props\":{\"content\":\"\n\n<p>SVEB jest szwajcarsk\\u0105 krajow\\u0105 organizacj\\u0105 parasolow\\u0105 zajmuj\\u0105c\\u0105 si\\u0119 kszta\\u0142ceniem doros\\u0142ych i dzia\\u0142a jako stowarzyszenie zawodowe i grupa interes\\u00f3w. Jeste\\u015bmy reprezentowani przez biura we wszystkich trzech regionach j\\u0119zykowych. Ponadto zarz\\u0105dzamy r\\u00f3wnie\\u017c krajowym i jeste\\u015bmy odpowiedzialni za eduQua, krajowy znak jako\\u015bci dla dostawc\\u00f3w us\\u0142ug kszta\\u0142cenia doros\\u0142ych. dla dostawc\\u00f3w us\\u0142ug kszta\\u0142cenia doros\\u0142ych. Nasze biura we w\\u0142osko- i francuskoj\\u0119zycznej Szwajcarii s\\u0105 aktywnie wspierane przez sieci regionalne.<\\\/p>\",\"image\":\"wp-content\\\/uploads\\\/2023\\\/12\\\/logo-sveb.png\",\"link\":\"\",\"link_text\":\"www.cardet.org\",\"meta\":\" <a class=\\\"uk-button uk-button-text\\\" href=\\\"https:\\\/\\\/alice.ch\\\/en\\\/\\\" >www.alice.ch<\\\/a>\"}}]}]}]}]}],\"version\":\"3.0.20\"} --><\/p>\n","protected":false},"excerpt":{"rendered":"<p>https:\/\/www.aegean.edu\/ Uniwersytet Egejski (UAegean) zosta\u0142 za\u0142o\u017cony w 1984 r. w celu wprowadzenia nowego podej\u015bcia do szkolnictwa wy\u017cszego w Grecji i na \u015bwiecie oraz promowania rozwoju..<\/p>\n","protected":false},"author":1,"featured_media":0,"parent":0,"menu_order":0,"comment_status":"closed","ping_status":"closed","template":"","meta":{"_acf_changed":false,"inline_featured_image":false,"footnotes":""},"class_list":["post-2281","page","type-page","status-publish","hentry"],"acf":[],"_links":{"self":[{"href":"https:\/\/xrwomenproject.eu\/pl\/wp-json\/wp\/v2\/pages\/2281","targetHints":{"allow":["GET"]}}],"collection":[{"href":"https:\/\/xrwomenproject.eu\/pl\/wp-json\/wp\/v2\/pages"}],"about":[{"href":"https:\/\/xrwomenproject.eu\/pl\/wp-json\/wp\/v2\/types\/page"}],"author":[{"embeddable":true,"href":"https:\/\/xrwomenproject.eu\/pl\/wp-json\/wp\/v2\/users\/1"}],"replies":[{"embeddable":true,"href":"https:\/\/xrwomenproject.eu\/pl\/wp-json\/wp\/v2\/comments?post=2281"}],"version-history":[{"count":3,"href":"https:\/\/xrwomenproject.eu\/pl\/wp-json\/wp\/v2\/pages\/2281\/revisions"}],"predecessor-version":[{"id":2303,"href":"https:\/\/xrwomenproject.eu\/pl\/wp-json\/wp\/v2\/pages\/2281\/revisions\/2303"}],"wp:attachment":[{"href":"https:\/\/xrwomenproject.eu\/pl\/wp-json\/wp\/v2\/media?parent=2281"}],"curies":[{"name":"wp","href":"https:\/\/api.w.org\/{rel}","templated":true}]}}