{"id":2282,"date":"2022-02-24T14:11:37","date_gmt":"2022-02-24T14:11:37","guid":{"rendered":"https:\/\/xrwomenproject.eu\/elearning\/"},"modified":"2024-06-21T11:11:49","modified_gmt":"2024-06-21T11:11:49","slug":"elearning","status":"publish","type":"page","link":"https:\/\/xrwomenproject.eu\/pl\/elearning\/","title":{"rendered":"e-Learning"},"content":{"rendered":"<p><img decoding=\"async\" src=\"\/wp-content\/uploads\/2023\/03\/elearning-11.svg\" alt=\"\"><\/p>\n<div>\n<p><span>\u015arodowisko e-learningowe zawiera materia\u0142y projektowe i zapewnia cz\u0142onkom dost\u0119p do interesariuszy, mo\u017cliwo\u015bci nawi\u0105zywania kontakt\u00f3w itp.<\/span><\/p>\n<p><a href=\"https:\/\/elearning.xrwomenproject.eu\/\"  target=\"_blank\" class=\"uk-button uk-button-text\">Odwied\u017a platform\u0119 <\/a><\/p>\n<\/div>\n<p><!--more--><br \/>\n<!-- {\"type\":\"layout\",\"children\":[{\"type\":\"section\",\"props\":{\"class\":\"elearning-sec\",\"height\":\"expand\",\"image_position\":\"center-center\",\"padding_remove_horizontal\":true,\"padding_remove_top\":true,\"style\":\"default\",\"title_breakpoint\":\"xl\",\"title_position\":\"top-left\",\"title_rotation\":\"left\",\"vertical_align\":\"middle\",\"width\":\"default\"},\"children\":[{\"type\":\"row\",\"props\":{\"layout\":\"1-3,2-3\"},\"children\":[{\"type\":\"column\",\"props\":{\"image_position\":\"center-center\",\"media_overlay_gradient\":\"\",\"position_sticky_breakpoint\":\"m\",\"width_medium\":\"1-3\"},\"children\":[{\"type\":\"image\",\"props\":{\"class\":\"elearningsv\",\"image\":\"wp-content\\\/uploads\\\/2023\\\/03\\\/elearning-11.svg\",\"image_svg_color\":\"emphasis\",\"margin\":\"default\",\"text_align\":\"center\"}}]},{\"type\":\"column\",\"props\":{\"image_position\":\"center-center\",\"media_overlay_gradient\":\"\",\"position_sticky_breakpoint\":\"m\",\"vertical_align\":\"middle\",\"width_medium\":\"2-3\"},\"children\":[{\"type\":\"text\",\"props\":{\"column_breakpoint\":\"m\",\"content\":\"\n\n<p><span>\\u015arodowisko e-learningowe zawiera materia\\u0142y projektowe i zapewnia cz\\u0142onkom dost\\u0119p do interesariuszy, mo\\u017cliwo\\u015bci nawi\\u0105zywania kontakt\\u00f3w itp.<\\\/span><\\\/p>\\n\n\n<p><a href=\\\"https:\\\/\\\/elearning.xrwomenproject.eu\\\/\\\"  target=\\\"_blank\\\" class=\\\"uk-button uk-button-text\\\">Odwied\\u017a platform\\u0119 <\\\/a><\\\/p>\",\"margin\":\"default\"}}]}]}]}],\"version\":\"3.0.20\"} --><\/p>\n","protected":false},"excerpt":{"rendered":"<p>\u015arodowisko e-learningowe zawiera materia\u0142y projektowe i zapewnia cz\u0142onkom dost\u0119p do interesariuszy, mo\u017cliwo\u015bci nawi\u0105zywania kontakt\u00f3w itp. Odwied\u017a platform\u0119<\/p>\n","protected":false},"author":1,"featured_media":0,"parent":0,"menu_order":0,"comment_status":"closed","ping_status":"closed","template":"","meta":{"_acf_changed":false,"inline_featured_image":false,"footnotes":""},"class_list":["post-2282","page","type-page","status-publish","hentry"],"acf":[],"_links":{"self":[{"href":"https:\/\/xrwomenproject.eu\/pl\/wp-json\/wp\/v2\/pages\/2282","targetHints":{"allow":["GET"]}}],"collection":[{"href":"https:\/\/xrwomenproject.eu\/pl\/wp-json\/wp\/v2\/pages"}],"about":[{"href":"https:\/\/xrwomenproject.eu\/pl\/wp-json\/wp\/v2\/types\/page"}],"author":[{"embeddable":true,"href":"https:\/\/xrwomenproject.eu\/pl\/wp-json\/wp\/v2\/users\/1"}],"replies":[{"embeddable":true,"href":"https:\/\/xrwomenproject.eu\/pl\/wp-json\/wp\/v2\/comments?post=2282"}],"version-history":[{"count":4,"href":"https:\/\/xrwomenproject.eu\/pl\/wp-json\/wp\/v2\/pages\/2282\/revisions"}],"predecessor-version":[{"id":2466,"href":"https:\/\/xrwomenproject.eu\/pl\/wp-json\/wp\/v2\/pages\/2282\/revisions\/2466"}],"wp:attachment":[{"href":"https:\/\/xrwomenproject.eu\/pl\/wp-json\/wp\/v2\/media?parent=2282"}],"curies":[{"name":"wp","href":"https:\/\/api.w.org\/{rel}","templated":true}]}}